{"id":11013,"date":"2024-07-16T14:48:04","date_gmt":"2024-07-16T14:48:04","guid":{"rendered":"https:\/\/tie-systeme.ch\/produkte\/griffe-de-maintien-tie\/"},"modified":"2026-04-08T13:12:14","modified_gmt":"2026-04-08T13:12:14","slug":"griffe-de-maintien-tie","status":"publish","type":"product","link":"https:\/\/tie-systeme.ch\/fr\/produkte\/griffe-de-maintien-tie\/","title":{"rendered":"Griffe de maintien TIE"},"content":{"rendered":"\t\t<div data-elementor-type=\"wp-post\" data-elementor-id=\"11013\" class=\"elementor elementor-11013 elementor-1449\">\n\t\t\t\t<div class=\"elementor-element elementor-element-e849866 e-flex e-con-boxed e-con e-parent\" data-id=\"e849866\" data-element_type=\"container\">\n\t\t\t\t\t<div class=\"e-con-inner\">\n\t\t\t\t<div class=\"elementor-element elementor-element-ba4e8f8 elementor-widget-divider--view-line elementor-widget elementor-widget-divider\" data-id=\"ba4e8f8\" data-element_type=\"widget\" data-widget_type=\"divider.default\">\n\t\t\t\t<div class=\"elementor-widget-container\">\n\t\t\t\t\t\t\t<div class=\"elementor-divider\">\n\t\t\t<span class=\"elementor-divider-separator\">\n\t\t\t\t\t\t<\/span>\n\t\t<\/div>\n\t\t\t\t\t\t<\/div>\n\t\t\t\t<\/div>\n\t\t\t\t<div class=\"elementor-element elementor-element-269ed514 elementor-widget elementor-widget-heading\" data-id=\"269ed514\" data-element_type=\"widget\" data-widget_type=\"heading.default\">\n\t\t\t\t<div class=\"elementor-widget-container\">\n\t\t\t\t\t<h5 class=\"elementor-heading-title elementor-size-default\">T\u00e9l\u00e9chargements<\/h5>\t\t\t\t<\/div>\n\t\t\t\t<\/div>\n\t\t\t\t\t<\/div>\n\t\t\t\t<\/div>\n\t\t<div class=\"elementor-element elementor-element-73e7a408 e-con-full e-flex e-con e-parent\" data-id=\"73e7a408\" data-element_type=\"container\">\n\t\t\t\t<div class=\"elementor-element elementor-element-1183ebca elementor-button-info elementor-align-left elementor-widget elementor-widget-button\" data-id=\"1183ebca\" data-element_type=\"widget\" data-widget_type=\"button.default\">\n\t\t\t\t<div class=\"elementor-widget-container\">\n\t\t\t\t\t\t\t\t\t<div class=\"elementor-button-wrapper\">\n\t\t\t\t\t<a class=\"elementor-button elementor-button-link elementor-size-sm\" href=\"https:\/\/tie-systeme.ch\/wp-content\/uploads\/2025\/01\/Produktdatenblatt-Haltekrallen_d_f_i.pdf\" target=\"_blank\">\n\t\t\t\t\t\t<span class=\"elementor-button-content-wrapper\">\n\t\t\t\t\t\t\t\t\t<span class=\"elementor-button-text\">Fiche produit<\/span>\n\t\t\t\t\t<\/span>\n\t\t\t\t\t<\/a>\n\t\t\t\t<\/div>\n\t\t\t\t\t\t\t\t<\/div>\n\t\t\t\t<\/div>\n\t\t\t\t<div class=\"elementor-element elementor-element-f06faf8 elementor-button-info elementor-align-left elementor-widget elementor-widget-button\" data-id=\"f06faf8\" data-element_type=\"widget\" data-widget_type=\"button.default\">\n\t\t\t\t<div class=\"elementor-widget-container\">\n\t\t\t\t\t\t\t\t\t<div class=\"elementor-button-wrapper\">\n\t\t\t\t\t<a class=\"elementor-button elementor-button-link elementor-size-sm\" href=\"https:\/\/tie-systeme.ch\/wp-content\/uploads\/2026\/04\/Montage-Befestigungskralle_Rueckseite_d_.pdf\" target=\"_blank\">\n\t\t\t\t\t\t<span class=\"elementor-button-content-wrapper\">\n\t\t\t\t\t\t\t\t\t<span class=\"elementor-button-text\">Instructions de montage<\/span>\n\t\t\t\t\t<\/span>\n\t\t\t\t\t<\/a>\n\t\t\t\t<\/div>\n\t\t\t\t\t\t\t\t<\/div>\n\t\t\t\t<\/div>\n\t\t\t\t<div class=\"elementor-element elementor-element-4beacb27 elementor-button-info elementor-widget elementor-widget-button\" data-id=\"4beacb27\" data-element_type=\"widget\" data-widget_type=\"button.default\">\n\t\t\t\t<div class=\"elementor-widget-container\">\n\t\t\t\t\t\t\t\t\t<div class=\"elementor-button-wrapper\">\n\t\t\t\t\t<a class=\"elementor-button elementor-button-link elementor-size-sm\" href=\"https:\/\/tie-systeme.ch\/wp-content\/uploads\/2024\/07\/Haltekralle_Zeichnung-Masse.jpg\" target=\"_blank\">\n\t\t\t\t\t\t<span class=\"elementor-button-content-wrapper\">\n\t\t\t\t\t\t\t\t\t<span class=\"elementor-button-text\">Dessin<\/span>\n\t\t\t\t\t<\/span>\n\t\t\t\t\t<\/a>\n\t\t\t\t<\/div>\n\t\t\t\t\t\t\t\t<\/div>\n\t\t\t\t<\/div>\n\t\t\t\t<\/div>\n\t\t\t\t<\/div>\n\t\t","protected":false},"excerpt":{"rendered":"<p>Disponible chez les grossistes en mat\u00e9riel \u00e9lectrique :<br \/>\nSachet de 10 pces : N\u00b0 E 372 820 009<\/p>\n<p>La griffe de maintien TIE a \u00e9t\u00e9 sp\u00e9cialement con\u00e7ue pour le vissage simple et durable des \u00e9l\u00e9ments TIE-Systeme sur les fa\u00e7ades de b\u00e2timents en b\u00e9ton et en ouvrage de ma\u00e7onnerie.<\/p>\n<p>Pour plus d\u2019informations, veuillez consulter la fiche technique du produit. Les dimensions exactes de la griffe de maintien sont \u00e0 relever sur le dessin. <\/p>\n","protected":false},"featured_media":10852,"comment_status":"closed","ping_status":"closed","template":"","meta":{"site-sidebar-layout":"default","site-content-layout":"page-builder","ast-site-content-layout":"default","site-content-style":"default","site-sidebar-style":"default","ast-global-header-display":"","ast-banner-title-visibility":"","ast-main-header-display":"","ast-hfb-above-header-display":"","ast-hfb-below-header-display":"","ast-hfb-mobile-header-display":"","site-post-title":"disabled","ast-breadcrumbs-content":"","ast-featured-img":"disabled","footer-sml-layout":"","ast-disable-related-posts":"","theme-transparent-header-meta":"default","adv-header-id-meta":"","stick-header-meta":"","header-above-stick-meta":"","header-main-stick-meta":"","header-below-stick-meta":"","astra-migrate-meta-layouts":"default","ast-page-background-enabled":"default","ast-page-background-meta":{"desktop":{"background-color":"var(--ast-global-color-4)","background-image":"","background-repeat":"repeat","background-position":"center center","background-size":"auto","background-attachment":"scroll","background-type":"","background-media":"","overlay-type":"","overlay-color":"","overlay-opacity":"","overlay-gradient":""},"tablet":{"background-color":"","background-image":"","background-repeat":"repeat","background-position":"center center","background-size":"auto","background-attachment":"scroll","background-type":"","background-media":"","overlay-type":"","overlay-color":"","overlay-opacity":"","overlay-gradient":""},"mobile":{"background-color":"","background-image":"","background-repeat":"repeat","background-position":"center center","background-size":"auto","background-attachment":"scroll","background-type":"","background-media":"","overlay-type":"","overlay-color":"","overlay-opacity":"","overlay-gradient":""}},"ast-content-background-meta":{"desktop":{"background-color":"var(--ast-global-color-5)","background-image":"","background-repeat":"repeat","background-position":"center center","background-size":"auto","background-attachment":"scroll","background-type":"","background-media":"","overlay-type":"","overlay-color":"","overlay-opacity":"","overlay-gradient":""},"tablet":{"background-color":"var(--ast-global-color-5)","background-image":"","background-repeat":"repeat","background-position":"center center","background-size":"auto","background-attachment":"scroll","background-type":"","background-media":"","overlay-type":"","overlay-color":"","overlay-opacity":"","overlay-gradient":""},"mobile":{"background-color":"var(--ast-global-color-5)","background-image":"","background-repeat":"repeat","background-position":"center center","background-size":"auto","background-attachment":"scroll","background-type":"","background-media":"","overlay-type":"","overlay-color":"","overlay-opacity":"","overlay-gradient":""}}},"product_brand":[],"product_cat":[86,78],"product_tag":[94,89,90,95,96],"class_list":{"0":"post-11013","1":"product","2":"type-product","3":"status-publish","4":"has-post-thumbnail","6":"product_cat-accessoires","7":"product_cat-tous-les-produits","8":"product_tag-griffe","9":"product_tag-montage-fr","10":"product_tag-simplement","11":"product_tag-support","12":"product_tag-vis","13":"desktop-align-center","14":"tablet-align-left","15":"mobile-align-left","17":"first","18":"instock","19":"virtual","20":"product-type-simple"},"yoast_head":"<!-- This site is optimized with the Yoast SEO plugin v26.6 - https:\/\/yoast.com\/wordpress\/plugins\/seo\/ -->\n<title>Griffe de maintien TIE - Tie Systeme<\/title>\n<meta name=\"robots\" content=\"index, follow, max-snippet:-1, max-image-preview:large, max-video-preview:-1\" \/>\n<link rel=\"canonical\" href=\"https:\/\/tie-systeme.ch\/produkte\/tie-haltekralle\/\" \/>\n<meta property=\"og:locale\" content=\"fr_FR\" \/>\n<meta property=\"og:type\" content=\"article\" \/>\n<meta property=\"og:title\" content=\"Griffe de maintien TIE - Tie Systeme\" \/>\n<meta property=\"og:description\" content=\"Disponible chez les grossistes en mat\u00e9riel \u00e9lectrique : Sachet de 10 pces : N\u00b0 E 372 820 009 La griffe de maintien TIE a \u00e9t\u00e9 sp\u00e9cialement con\u00e7ue pour le vissage simple et durable des \u00e9l\u00e9ments TIE-Systeme sur les fa\u00e7ades de b\u00e2timents en b\u00e9ton et en ouvrage de ma\u00e7onnerie. Pour plus d\u2019informations, veuillez consulter la fiche technique du produit. Les dimensions exactes de la griffe de maintien sont \u00e0 relever sur le dessin.\" \/>\n<meta property=\"og:url\" content=\"https:\/\/tie-systeme.ch\/produkte\/tie-haltekralle\/\" \/>\n<meta property=\"og:site_name\" content=\"Tie Systeme\" \/>\n<meta property=\"article:modified_time\" content=\"2026-04-08T13:12:14+00:00\" \/>\n<meta property=\"og:image\" content=\"https:\/\/tie-systeme.ch\/wp-content\/uploads\/2024\/07\/151-KRA-Farbe.png\" \/>\n\t<meta property=\"og:image:width\" content=\"2000\" \/>\n\t<meta property=\"og:image:height\" content=\"2000\" \/>\n\t<meta property=\"og:image:type\" content=\"image\/png\" \/>\n<meta name=\"twitter:card\" content=\"summary_large_image\" \/>\n<meta name=\"twitter:label1\" content=\"Dur\u00e9e de lecture estim\u00e9e\" \/>\n\t<meta name=\"twitter:data1\" content=\"1 minute\" \/>\n<script type=\"application\/ld+json\" class=\"yoast-schema-graph\">{\"@context\":\"https:\/\/schema.org\",\"@graph\":[{\"@type\":\"WebPage\",\"@id\":\"https:\/\/tie-systeme.ch\/produkte\/tie-haltekralle\/\",\"url\":\"https:\/\/tie-systeme.ch\/produkte\/tie-haltekralle\/\",\"name\":\"Griffe de maintien TIE - Tie Systeme\",\"isPartOf\":{\"@id\":\"https:\/\/tie-systeme.ch\/#website\"},\"primaryImageOfPage\":{\"@id\":\"https:\/\/tie-systeme.ch\/produkte\/tie-haltekralle\/#primaryimage\"},\"image\":{\"@id\":\"https:\/\/tie-systeme.ch\/produkte\/tie-haltekralle\/#primaryimage\"},\"thumbnailUrl\":\"https:\/\/tie-systeme.ch\/wp-content\/uploads\/2024\/07\/151-KRA-Farbe.png\",\"datePublished\":\"2024-07-16T14:48:04+00:00\",\"dateModified\":\"2026-04-08T13:12:14+00:00\",\"breadcrumb\":{\"@id\":\"https:\/\/tie-systeme.ch\/produkte\/tie-haltekralle\/#breadcrumb\"},\"inLanguage\":\"fr-FR\",\"potentialAction\":[{\"@type\":\"ReadAction\",\"target\":[\"https:\/\/tie-systeme.ch\/produkte\/tie-haltekralle\/\"]}]},{\"@type\":\"ImageObject\",\"inLanguage\":\"fr-FR\",\"@id\":\"https:\/\/tie-systeme.ch\/produkte\/tie-haltekralle\/#primaryimage\",\"url\":\"https:\/\/tie-systeme.ch\/wp-content\/uploads\/2024\/07\/151-KRA-Farbe.png\",\"contentUrl\":\"https:\/\/tie-systeme.ch\/wp-content\/uploads\/2024\/07\/151-KRA-Farbe.png\",\"width\":2000,\"height\":2000,\"caption\":\"Abbildung einer Befestigungskralle\"},{\"@type\":\"BreadcrumbList\",\"@id\":\"https:\/\/tie-systeme.ch\/produkte\/tie-haltekralle\/#breadcrumb\",\"itemListElement\":[{\"@type\":\"ListItem\",\"position\":1,\"name\":\"Home\",\"item\":\"https:\/\/tie-systeme.ch\/\"},{\"@type\":\"ListItem\",\"position\":2,\"name\":\"Boutique\",\"item\":\"https:\/\/tie-systeme.ch\/produkte\/\"},{\"@type\":\"ListItem\",\"position\":3,\"name\":\"Griffe de maintien TIE\"}]},{\"@type\":\"WebSite\",\"@id\":\"https:\/\/tie-systeme.ch\/#website\",\"url\":\"https:\/\/tie-systeme.ch\/\",\"name\":\"Tie Systeme\",\"description\":\"Thermodynamisch Isolierte Elektrosysteme\",\"publisher\":{\"@id\":\"https:\/\/tie-systeme.ch\/#organization\"},\"potentialAction\":[{\"@type\":\"SearchAction\",\"target\":{\"@type\":\"EntryPoint\",\"urlTemplate\":\"https:\/\/tie-systeme.ch\/?s={search_term_string}\"},\"query-input\":{\"@type\":\"PropertyValueSpecification\",\"valueRequired\":true,\"valueName\":\"search_term_string\"}}],\"inLanguage\":\"fr-FR\"},{\"@type\":\"Organization\",\"@id\":\"https:\/\/tie-systeme.ch\/#organization\",\"name\":\"Tie Systeme\",\"url\":\"https:\/\/tie-systeme.ch\/\",\"logo\":{\"@type\":\"ImageObject\",\"inLanguage\":\"fr-FR\",\"@id\":\"https:\/\/tie-systeme.ch\/#\/schema\/logo\/image\/\",\"url\":\"https:\/\/tie-systeme.ch\/wp-content\/uploads\/2024\/07\/Logo-mit-Untertitel-1.png\",\"contentUrl\":\"https:\/\/tie-systeme.ch\/wp-content\/uploads\/2024\/07\/Logo-mit-Untertitel-1.png\",\"width\":400,\"height\":100,\"caption\":\"Tie Systeme\"},\"image\":{\"@id\":\"https:\/\/tie-systeme.ch\/#\/schema\/logo\/image\/\"}}]}<\/script>\n<!-- \/ Yoast SEO plugin. -->","yoast_head_json":{"title":"Griffe de maintien TIE - Tie Systeme","robots":{"index":"index","follow":"follow","max-snippet":"max-snippet:-1","max-image-preview":"max-image-preview:large","max-video-preview":"max-video-preview:-1"},"canonical":"https:\/\/tie-systeme.ch\/produkte\/tie-haltekralle\/","og_locale":"fr_FR","og_type":"article","og_title":"Griffe de maintien TIE - Tie Systeme","og_description":"Disponible chez les grossistes en mat\u00e9riel \u00e9lectrique : Sachet de 10 pces : N\u00b0 E 372 820 009 La griffe de maintien TIE a \u00e9t\u00e9 sp\u00e9cialement con\u00e7ue pour le vissage simple et durable des \u00e9l\u00e9ments TIE-Systeme sur les fa\u00e7ades de b\u00e2timents en b\u00e9ton et en ouvrage de ma\u00e7onnerie. Pour plus d\u2019informations, veuillez consulter la fiche technique du produit. Les dimensions exactes de la griffe de maintien sont \u00e0 relever sur le dessin.","og_url":"https:\/\/tie-systeme.ch\/produkte\/tie-haltekralle\/","og_site_name":"Tie Systeme","article_modified_time":"2026-04-08T13:12:14+00:00","og_image":[{"width":2000,"height":2000,"url":"https:\/\/tie-systeme.ch\/wp-content\/uploads\/2024\/07\/151-KRA-Farbe.png","type":"image\/png"}],"twitter_card":"summary_large_image","twitter_misc":{"Dur\u00e9e de lecture estim\u00e9e":"1 minute"},"schema":{"@context":"https:\/\/schema.org","@graph":[{"@type":"WebPage","@id":"https:\/\/tie-systeme.ch\/produkte\/tie-haltekralle\/","url":"https:\/\/tie-systeme.ch\/produkte\/tie-haltekralle\/","name":"Griffe de maintien TIE - Tie Systeme","isPartOf":{"@id":"https:\/\/tie-systeme.ch\/#website"},"primaryImageOfPage":{"@id":"https:\/\/tie-systeme.ch\/produkte\/tie-haltekralle\/#primaryimage"},"image":{"@id":"https:\/\/tie-systeme.ch\/produkte\/tie-haltekralle\/#primaryimage"},"thumbnailUrl":"https:\/\/tie-systeme.ch\/wp-content\/uploads\/2024\/07\/151-KRA-Farbe.png","datePublished":"2024-07-16T14:48:04+00:00","dateModified":"2026-04-08T13:12:14+00:00","breadcrumb":{"@id":"https:\/\/tie-systeme.ch\/produkte\/tie-haltekralle\/#breadcrumb"},"inLanguage":"fr-FR","potentialAction":[{"@type":"ReadAction","target":["https:\/\/tie-systeme.ch\/produkte\/tie-haltekralle\/"]}]},{"@type":"ImageObject","inLanguage":"fr-FR","@id":"https:\/\/tie-systeme.ch\/produkte\/tie-haltekralle\/#primaryimage","url":"https:\/\/tie-systeme.ch\/wp-content\/uploads\/2024\/07\/151-KRA-Farbe.png","contentUrl":"https:\/\/tie-systeme.ch\/wp-content\/uploads\/2024\/07\/151-KRA-Farbe.png","width":2000,"height":2000,"caption":"Abbildung einer Befestigungskralle"},{"@type":"BreadcrumbList","@id":"https:\/\/tie-systeme.ch\/produkte\/tie-haltekralle\/#breadcrumb","itemListElement":[{"@type":"ListItem","position":1,"name":"Home","item":"https:\/\/tie-systeme.ch\/"},{"@type":"ListItem","position":2,"name":"Boutique","item":"https:\/\/tie-systeme.ch\/produkte\/"},{"@type":"ListItem","position":3,"name":"Griffe de maintien TIE"}]},{"@type":"WebSite","@id":"https:\/\/tie-systeme.ch\/#website","url":"https:\/\/tie-systeme.ch\/","name":"Tie Systeme","description":"Thermodynamisch Isolierte Elektrosysteme","publisher":{"@id":"https:\/\/tie-systeme.ch\/#organization"},"potentialAction":[{"@type":"SearchAction","target":{"@type":"EntryPoint","urlTemplate":"https:\/\/tie-systeme.ch\/?s={search_term_string}"},"query-input":{"@type":"PropertyValueSpecification","valueRequired":true,"valueName":"search_term_string"}}],"inLanguage":"fr-FR"},{"@type":"Organization","@id":"https:\/\/tie-systeme.ch\/#organization","name":"Tie Systeme","url":"https:\/\/tie-systeme.ch\/","logo":{"@type":"ImageObject","inLanguage":"fr-FR","@id":"https:\/\/tie-systeme.ch\/#\/schema\/logo\/image\/","url":"https:\/\/tie-systeme.ch\/wp-content\/uploads\/2024\/07\/Logo-mit-Untertitel-1.png","contentUrl":"https:\/\/tie-systeme.ch\/wp-content\/uploads\/2024\/07\/Logo-mit-Untertitel-1.png","width":400,"height":100,"caption":"Tie Systeme"},"image":{"@id":"https:\/\/tie-systeme.ch\/#\/schema\/logo\/image\/"}}]}},"_links":{"self":[{"href":"https:\/\/tie-systeme.ch\/fr\/wp-json\/wp\/v2\/product\/11013","targetHints":{"allow":["GET"]}}],"collection":[{"href":"https:\/\/tie-systeme.ch\/fr\/wp-json\/wp\/v2\/product"}],"about":[{"href":"https:\/\/tie-systeme.ch\/fr\/wp-json\/wp\/v2\/types\/product"}],"replies":[{"embeddable":true,"href":"https:\/\/tie-systeme.ch\/fr\/wp-json\/wp\/v2\/comments?post=11013"}],"version-history":[{"count":4,"href":"https:\/\/tie-systeme.ch\/fr\/wp-json\/wp\/v2\/product\/11013\/revisions"}],"predecessor-version":[{"id":11536,"href":"https:\/\/tie-systeme.ch\/fr\/wp-json\/wp\/v2\/product\/11013\/revisions\/11536"}],"wp:featuredmedia":[{"embeddable":true,"href":"https:\/\/tie-systeme.ch\/fr\/wp-json\/wp\/v2\/media\/10852"}],"wp:attachment":[{"href":"https:\/\/tie-systeme.ch\/fr\/wp-json\/wp\/v2\/media?parent=11013"}],"wp:term":[{"taxonomy":"product_brand","embeddable":true,"href":"https:\/\/tie-systeme.ch\/fr\/wp-json\/wp\/v2\/product_brand?post=11013"},{"taxonomy":"product_cat","embeddable":true,"href":"https:\/\/tie-systeme.ch\/fr\/wp-json\/wp\/v2\/product_cat?post=11013"},{"taxonomy":"product_tag","embeddable":true,"href":"https:\/\/tie-systeme.ch\/fr\/wp-json\/wp\/v2\/product_tag?post=11013"}],"curies":[{"name":"wp","href":"https:\/\/api.w.org\/{rel}","templated":true}]}}