{"id":11001,"date":"2024-07-16T12:25:46","date_gmt":"2024-07-16T12:25:46","guid":{"rendered":"https:\/\/tie-systeme.ch\/produkte\/boite-de-derivation\/"},"modified":"2025-08-12T12:01:35","modified_gmt":"2025-08-12T12:01:35","slug":"boite-de-derivation","status":"publish","type":"product","link":"https:\/\/tie-systeme.ch\/fr\/produkte\/boite-de-derivation\/","title":{"rendered":"Bo\u00eete de d\u00e9rivation"},"content":{"rendered":"\t\t<div data-elementor-type=\"wp-post\" data-elementor-id=\"11001\" class=\"elementor elementor-11001 elementor-1372\">\n\t\t\t\t<div class=\"elementor-element elementor-element-f778a18 e-flex e-con-boxed e-con e-parent\" data-id=\"f778a18\" data-element_type=\"container\">\n\t\t\t\t\t<div class=\"e-con-inner\">\n\t\t\t\t<div class=\"elementor-element elementor-element-42d3f172 elementor-widget-divider--view-line elementor-widget elementor-widget-divider\" data-id=\"42d3f172\" data-element_type=\"widget\" data-widget_type=\"divider.default\">\n\t\t\t\t<div class=\"elementor-widget-container\">\n\t\t\t\t\t\t\t<div class=\"elementor-divider\">\n\t\t\t<span class=\"elementor-divider-separator\">\n\t\t\t\t\t\t<\/span>\n\t\t<\/div>\n\t\t\t\t\t\t<\/div>\n\t\t\t\t<\/div>\n\t\t\t\t<div class=\"elementor-element elementor-element-514bac3b elementor-widget elementor-widget-heading\" data-id=\"514bac3b\" data-element_type=\"widget\" data-widget_type=\"heading.default\">\n\t\t\t\t<div class=\"elementor-widget-container\">\n\t\t\t\t\t<h5 class=\"elementor-heading-title elementor-size-default\">T\u00e9l\u00e9chargements<\/h5>\t\t\t\t<\/div>\n\t\t\t\t<\/div>\n\t\t\t\t\t<\/div>\n\t\t\t\t<\/div>\n\t\t<div class=\"elementor-element elementor-element-5c402691 e-con-full e-flex e-con e-parent\" data-id=\"5c402691\" data-element_type=\"container\">\n\t\t\t\t<div class=\"elementor-element elementor-element-24eb029c elementor-button-info elementor-align-left elementor-widget elementor-widget-button\" data-id=\"24eb029c\" data-element_type=\"widget\" data-widget_type=\"button.default\">\n\t\t\t\t<div class=\"elementor-widget-container\">\n\t\t\t\t\t\t\t\t\t<div class=\"elementor-button-wrapper\">\n\t\t\t\t\t<a class=\"elementor-button elementor-button-link elementor-size-sm\" href=\"https:\/\/tie-systeme.ch\/wp-content\/uploads\/2025\/01\/Produkt-Datenblatt-Abzweigdose-quadratisch_104_Vorderseite_d_f_i.pdf\" target=\"_blank\">\n\t\t\t\t\t\t<span class=\"elementor-button-content-wrapper\">\n\t\t\t\t\t\t\t\t\t<span class=\"elementor-button-text\">Fiche produit<\/span>\n\t\t\t\t\t<\/span>\n\t\t\t\t\t<\/a>\n\t\t\t\t<\/div>\n\t\t\t\t\t\t\t\t<\/div>\n\t\t\t\t<\/div>\n\t\t\t\t<div class=\"elementor-element elementor-element-d7c510d elementor-button-info elementor-widget elementor-widget-button\" data-id=\"d7c510d\" data-element_type=\"widget\" data-widget_type=\"button.default\">\n\t\t\t\t<div class=\"elementor-widget-container\">\n\t\t\t\t\t\t\t\t\t<div class=\"elementor-button-wrapper\">\n\t\t\t\t\t<a class=\"elementor-button elementor-button-link elementor-size-sm\" href=\"https:\/\/tie-systeme.ch\/wp-content\/uploads\/2024\/11\/Montageanleitung_101-105_108-110-100-300mm_Rueckseite_d_f_i.pdf\" target=\"_blank\">\n\t\t\t\t\t\t<span class=\"elementor-button-content-wrapper\">\n\t\t\t\t\t\t\t\t\t<span class=\"elementor-button-text\">Instructions de montage<\/span>\n\t\t\t\t\t<\/span>\n\t\t\t\t\t<\/a>\n\t\t\t\t<\/div>\n\t\t\t\t\t\t\t\t<\/div>\n\t\t\t\t<\/div>\n\t\t\t\t<\/div>\n\t\t\t\t<\/div>\n\t\t","protected":false},"excerpt":{"rendered":"<p>1 Bo\u00eete \u00e9lectrique Dimensions int\u00e9rieures\u202f: L 110\/l 110\/P 60\u202fmm<br \/>\n\u00c9paisseur d\u2019isolation\u202f: 100 \u2013 300\u202fmm<\/p>\n<p>Dimensions du produit\u202f: L = 194\u202fmm \/ l = 194\u202fmm<br \/>\nProfondeur en fonction de l\u2019\u00e9paisseur d\u2019isolation = 145\/205\/245\/305\u202fmm<\/p>\n<p>Disponible chez les grossistes en mat\u00e9riel \u00e9lectrique dans les \u00e9paisseurs d\u2019isolation\u202f:<br \/>\n100-140\u202fmm\u202f: N\u00b0 E 372 114 109 160-200\u202fmm\u202f: N\u00b0 E 372 115 109 220-240\u202fmm\u202f: N\u00b0 E 372 116 109 260-300\u202fmm\u202f: N\u00b0 E 372 117 109 372 117 109<\/p>\n<p><a href=\"https:\/\/tie-systeme.ch\/fr\/produkte\/boite-de-derivation-s\/\">M\u00eame produit en laine de roche<\/a><\/p>\n<p>L\u2019\u00e9l\u00e9ment TIE-Systeme est utilis\u00e9 pour un montage sans pont thermique dans une fa\u00e7ade isol\u00e9e et est coll\u00e9 ou viss\u00e9 directement sur du b\u00e9ton ou un autre ouvrage de ma\u00e7onnerie. Pour ce faire, on utilise la colle hybride TIE ou les griffes de maintien (accessoires).<br \/>\nL\u2019\u00e9l\u00e9ment TIE-Systeme convient de mani\u00e8re optimale au tirage de c\u00e2bles \u00e9lectriques et est livr\u00e9 avec un couvercle.<br \/>\nLa bo\u00eete de d\u00e9rivation est inject\u00e9e dans l\u2019isolation thermodynamique (PSE et N\u00e9opor) avec une mousse PU \u00e0 deux composants, de mani\u00e8re \u00e0 \u00e9pouser parfaitement les formes. La densit\u00e9 de la mousse PU est de 150\u202fkg\/m\u00b3.<br \/>\nL\u2019isolation thermodynamique se compose de la face avant en PSE 20 blanc et des doublages en Neopor 15 gris.<\/p>\n<p>Comportement au feu RF3 cr \/ RF2 cr<\/p>\n","protected":false},"featured_media":10857,"comment_status":"closed","ping_status":"closed","template":"","meta":{"site-sidebar-layout":"no-sidebar","site-content-layout":"page-builder","ast-site-content-layout":"full-width-container","site-content-style":"default","site-sidebar-style":"default","ast-global-header-display":"","ast-banner-title-visibility":"","ast-main-header-display":"","ast-hfb-above-header-display":"","ast-hfb-below-header-display":"","ast-hfb-mobile-header-display":"","site-post-title":"disabled","ast-breadcrumbs-content":"","ast-featured-img":"disabled","footer-sml-layout":"","ast-disable-related-posts":"","theme-transparent-header-meta":"default","adv-header-id-meta":"","stick-header-meta":"","header-above-stick-meta":"","header-main-stick-meta":"","header-below-stick-meta":"","astra-migrate-meta-layouts":"set","ast-page-background-enabled":"default","ast-page-background-meta":{"desktop":{"background-color":"var(--ast-global-color-4)","background-image":"","background-repeat":"repeat","background-position":"center center","background-size":"auto","background-attachment":"scroll","background-type":"","background-media":"","overlay-type":"","overlay-color":"","overlay-opacity":"","overlay-gradient":""},"tablet":{"background-color":"","background-image":"","background-repeat":"repeat","background-position":"center center","background-size":"auto","background-attachment":"scroll","background-type":"","background-media":"","overlay-type":"","overlay-color":"","overlay-opacity":"","overlay-gradient":""},"mobile":{"background-color":"","background-image":"","background-repeat":"repeat","background-position":"center center","background-size":"auto","background-attachment":"scroll","background-type":"","background-media":"","overlay-type":"","overlay-color":"","overlay-opacity":"","overlay-gradient":""}},"ast-content-background-meta":{"desktop":{"background-color":"var(--ast-global-color-5)","background-image":"","background-repeat":"repeat","background-position":"center center","background-size":"auto","background-attachment":"scroll","background-type":"","background-media":"","overlay-type":"","overlay-color":"","overlay-opacity":"","overlay-gradient":""},"tablet":{"background-color":"var(--ast-global-color-5)","background-image":"","background-repeat":"repeat","background-position":"center center","background-size":"auto","background-attachment":"scroll","background-type":"","background-media":"","overlay-type":"","overlay-color":"","overlay-opacity":"","overlay-gradient":""},"mobile":{"background-color":"var(--ast-global-color-5)","background-image":"","background-repeat":"repeat","background-position":"center center","background-size":"auto","background-attachment":"scroll","background-type":"","background-media":"","overlay-type":"","overlay-color":"","overlay-opacity":"","overlay-gradient":""}}},"product_brand":[],"product_cat":[82,78],"product_tag":[79,81,80],"class_list":{"0":"post-11001","1":"product","2":"type-product","3":"status-publish","4":"has-post-thumbnail","6":"product_cat-eps","7":"product_cat-tous-les-produits","8":"product_tag-boite-combinee","9":"product_tag-boite-de-derivation","10":"product_tag-element-du-systeme-tie","11":"desktop-align-center","12":"tablet-align-left","13":"mobile-align-left","15":"first","16":"instock","17":"virtual","18":"product-type-simple"},"yoast_head":"<!-- This site is optimized with the Yoast SEO plugin v26.6 - https:\/\/yoast.com\/wordpress\/plugins\/seo\/ -->\n<title>Bo\u00eete de d\u00e9rivation - Tie Systeme<\/title>\n<meta name=\"robots\" content=\"index, follow, max-snippet:-1, max-image-preview:large, max-video-preview:-1\" \/>\n<link rel=\"canonical\" href=\"https:\/\/tie-systeme.ch\/produkte\/abzweigdose\/\" \/>\n<meta property=\"og:locale\" content=\"fr_FR\" \/>\n<meta property=\"og:type\" content=\"article\" \/>\n<meta property=\"og:title\" content=\"Bo\u00eete de d\u00e9rivation - Tie Systeme\" \/>\n<meta property=\"og:description\" content=\"1 Bo\u00eete \u00e9lectrique Dimensions int\u00e9rieures\u202f: L 110\/l 110\/P 60\u202fmm \u00c9paisseur d\u2019isolation\u202f: 100 \u2013 300\u202fmm  Dimensions du produit\u202f: L = 194\u202fmm \/ l = 194\u202fmm Profondeur en fonction de l\u2019\u00e9paisseur d\u2019isolation = 145\/205\/245\/305\u202fmm  Disponible chez les grossistes en mat\u00e9riel \u00e9lectrique dans les \u00e9paisseurs d\u2019isolation\u202f: 100-140\u202fmm\u202f: N\u00b0 E 372 114 109 160-200\u202fmm\u202f: N\u00b0 E 372 115 109 220-240\u202fmm\u202f: N\u00b0 E 372 116 109 260-300\u202fmm\u202f: N\u00b0 E 372 117 109 372 117 109  M\u00eame produit en laine de roche  L\u2019\u00e9l\u00e9ment TIE-Systeme est utilis\u00e9 pour un montage sans pont thermique dans une fa\u00e7ade isol\u00e9e et est coll\u00e9 ou viss\u00e9 directement sur du b\u00e9ton ou un autre ouvrage de ma\u00e7onnerie. Pour ce faire, on utilise la colle hybride TIE ou les griffes de maintien (accessoires). L\u2019\u00e9l\u00e9ment TIE-Systeme convient de mani\u00e8re optimale au tirage de c\u00e2bles \u00e9lectriques et est livr\u00e9 avec un couvercle. La bo\u00eete de d\u00e9rivation est inject\u00e9e dans l\u2019isolation thermodynamique (PSE et N\u00e9opor) avec une mousse PU \u00e0 deux composants, de mani\u00e8re \u00e0 \u00e9pouser parfaitement les formes. La densit\u00e9 de la mousse PU est de 150\u202fkg\/m\u00b3. L\u2019isolation thermodynamique se compose de la face avant en PSE 20 blanc et des doublages en Neopor 15 gris.  Comportement au feu RF3 cr \/ RF2 cr\" \/>\n<meta property=\"og:url\" content=\"https:\/\/tie-systeme.ch\/produkte\/abzweigdose\/\" \/>\n<meta property=\"og:site_name\" content=\"Tie Systeme\" \/>\n<meta property=\"article:modified_time\" content=\"2025-08-12T12:01:35+00:00\" \/>\n<meta property=\"og:image\" content=\"https:\/\/tie-systeme.ch\/wp-content\/uploads\/2024\/07\/104-E-Farbe.png\" \/>\n\t<meta property=\"og:image:width\" content=\"2000\" \/>\n\t<meta property=\"og:image:height\" content=\"2000\" \/>\n\t<meta property=\"og:image:type\" content=\"image\/png\" \/>\n<meta name=\"twitter:card\" content=\"summary_large_image\" \/>\n<script type=\"application\/ld+json\" class=\"yoast-schema-graph\">{\"@context\":\"https:\/\/schema.org\",\"@graph\":[{\"@type\":\"WebPage\",\"@id\":\"https:\/\/tie-systeme.ch\/produkte\/abzweigdose\/\",\"url\":\"https:\/\/tie-systeme.ch\/produkte\/abzweigdose\/\",\"name\":\"Bo\u00eete de d\u00e9rivation - Tie Systeme\",\"isPartOf\":{\"@id\":\"https:\/\/tie-systeme.ch\/#website\"},\"primaryImageOfPage\":{\"@id\":\"https:\/\/tie-systeme.ch\/produkte\/abzweigdose\/#primaryimage\"},\"image\":{\"@id\":\"https:\/\/tie-systeme.ch\/produkte\/abzweigdose\/#primaryimage\"},\"thumbnailUrl\":\"https:\/\/tie-systeme.ch\/wp-content\/uploads\/2024\/07\/104-E-Farbe.png\",\"datePublished\":\"2024-07-16T12:25:46+00:00\",\"dateModified\":\"2025-08-12T12:01:35+00:00\",\"breadcrumb\":{\"@id\":\"https:\/\/tie-systeme.ch\/produkte\/abzweigdose\/#breadcrumb\"},\"inLanguage\":\"fr-FR\",\"potentialAction\":[{\"@type\":\"ReadAction\",\"target\":[\"https:\/\/tie-systeme.ch\/produkte\/abzweigdose\/\"]}]},{\"@type\":\"ImageObject\",\"inLanguage\":\"fr-FR\",\"@id\":\"https:\/\/tie-systeme.ch\/produkte\/abzweigdose\/#primaryimage\",\"url\":\"https:\/\/tie-systeme.ch\/wp-content\/uploads\/2024\/07\/104-E-Farbe.png\",\"contentUrl\":\"https:\/\/tie-systeme.ch\/wp-content\/uploads\/2024\/07\/104-E-Farbe.png\",\"width\":2000,\"height\":2000,\"caption\":\"Abbildung eines TIE-Systems\"},{\"@type\":\"BreadcrumbList\",\"@id\":\"https:\/\/tie-systeme.ch\/produkte\/abzweigdose\/#breadcrumb\",\"itemListElement\":[{\"@type\":\"ListItem\",\"position\":1,\"name\":\"Home\",\"item\":\"https:\/\/tie-systeme.ch\/fr\/\"},{\"@type\":\"ListItem\",\"position\":2,\"name\":\"Boutique\",\"item\":\"https:\/\/tie-systeme.ch\/produkte\/\"},{\"@type\":\"ListItem\",\"position\":3,\"name\":\"Bo\u00eete de d\u00e9rivation\"}]},{\"@type\":\"WebSite\",\"@id\":\"https:\/\/tie-systeme.ch\/#website\",\"url\":\"https:\/\/tie-systeme.ch\/\",\"name\":\"Tie Systeme\",\"description\":\"Thermodynamisch Isolierte Elektrosysteme\",\"publisher\":{\"@id\":\"https:\/\/tie-systeme.ch\/#organization\"},\"potentialAction\":[{\"@type\":\"SearchAction\",\"target\":{\"@type\":\"EntryPoint\",\"urlTemplate\":\"https:\/\/tie-systeme.ch\/?s={search_term_string}\"},\"query-input\":{\"@type\":\"PropertyValueSpecification\",\"valueRequired\":true,\"valueName\":\"search_term_string\"}}],\"inLanguage\":\"fr-FR\"},{\"@type\":\"Organization\",\"@id\":\"https:\/\/tie-systeme.ch\/#organization\",\"name\":\"Tie Systeme\",\"url\":\"https:\/\/tie-systeme.ch\/\",\"logo\":{\"@type\":\"ImageObject\",\"inLanguage\":\"fr-FR\",\"@id\":\"https:\/\/tie-systeme.ch\/#\/schema\/logo\/image\/\",\"url\":\"https:\/\/tie-systeme.ch\/wp-content\/uploads\/2024\/07\/Logo-mit-Untertitel-1.png\",\"contentUrl\":\"https:\/\/tie-systeme.ch\/wp-content\/uploads\/2024\/07\/Logo-mit-Untertitel-1.png\",\"width\":400,\"height\":100,\"caption\":\"Tie Systeme\"},\"image\":{\"@id\":\"https:\/\/tie-systeme.ch\/#\/schema\/logo\/image\/\"}}]}<\/script>\n<!-- \/ Yoast SEO plugin. -->","yoast_head_json":{"title":"Bo\u00eete de d\u00e9rivation - Tie Systeme","robots":{"index":"index","follow":"follow","max-snippet":"max-snippet:-1","max-image-preview":"max-image-preview:large","max-video-preview":"max-video-preview:-1"},"canonical":"https:\/\/tie-systeme.ch\/produkte\/abzweigdose\/","og_locale":"fr_FR","og_type":"article","og_title":"Bo\u00eete de d\u00e9rivation - Tie Systeme","og_description":"1 Bo\u00eete \u00e9lectrique Dimensions int\u00e9rieures\u202f: L 110\/l 110\/P 60\u202fmm \u00c9paisseur d\u2019isolation\u202f: 100 \u2013 300\u202fmm  Dimensions du produit\u202f: L = 194\u202fmm \/ l = 194\u202fmm Profondeur en fonction de l\u2019\u00e9paisseur d\u2019isolation = 145\/205\/245\/305\u202fmm  Disponible chez les grossistes en mat\u00e9riel \u00e9lectrique dans les \u00e9paisseurs d\u2019isolation\u202f: 100-140\u202fmm\u202f: N\u00b0 E 372 114 109 160-200\u202fmm\u202f: N\u00b0 E 372 115 109 220-240\u202fmm\u202f: N\u00b0 E 372 116 109 260-300\u202fmm\u202f: N\u00b0 E 372 117 109 372 117 109  M\u00eame produit en laine de roche  L\u2019\u00e9l\u00e9ment TIE-Systeme est utilis\u00e9 pour un montage sans pont thermique dans une fa\u00e7ade isol\u00e9e et est coll\u00e9 ou viss\u00e9 directement sur du b\u00e9ton ou un autre ouvrage de ma\u00e7onnerie. Pour ce faire, on utilise la colle hybride TIE ou les griffes de maintien (accessoires). L\u2019\u00e9l\u00e9ment TIE-Systeme convient de mani\u00e8re optimale au tirage de c\u00e2bles \u00e9lectriques et est livr\u00e9 avec un couvercle. La bo\u00eete de d\u00e9rivation est inject\u00e9e dans l\u2019isolation thermodynamique (PSE et N\u00e9opor) avec une mousse PU \u00e0 deux composants, de mani\u00e8re \u00e0 \u00e9pouser parfaitement les formes. La densit\u00e9 de la mousse PU est de 150\u202fkg\/m\u00b3. L\u2019isolation thermodynamique se compose de la face avant en PSE 20 blanc et des doublages en Neopor 15 gris.  Comportement au feu RF3 cr \/ RF2 cr","og_url":"https:\/\/tie-systeme.ch\/produkte\/abzweigdose\/","og_site_name":"Tie Systeme","article_modified_time":"2025-08-12T12:01:35+00:00","og_image":[{"width":2000,"height":2000,"url":"https:\/\/tie-systeme.ch\/wp-content\/uploads\/2024\/07\/104-E-Farbe.png","type":"image\/png"}],"twitter_card":"summary_large_image","schema":{"@context":"https:\/\/schema.org","@graph":[{"@type":"WebPage","@id":"https:\/\/tie-systeme.ch\/produkte\/abzweigdose\/","url":"https:\/\/tie-systeme.ch\/produkte\/abzweigdose\/","name":"Bo\u00eete de d\u00e9rivation - Tie Systeme","isPartOf":{"@id":"https:\/\/tie-systeme.ch\/#website"},"primaryImageOfPage":{"@id":"https:\/\/tie-systeme.ch\/produkte\/abzweigdose\/#primaryimage"},"image":{"@id":"https:\/\/tie-systeme.ch\/produkte\/abzweigdose\/#primaryimage"},"thumbnailUrl":"https:\/\/tie-systeme.ch\/wp-content\/uploads\/2024\/07\/104-E-Farbe.png","datePublished":"2024-07-16T12:25:46+00:00","dateModified":"2025-08-12T12:01:35+00:00","breadcrumb":{"@id":"https:\/\/tie-systeme.ch\/produkte\/abzweigdose\/#breadcrumb"},"inLanguage":"fr-FR","potentialAction":[{"@type":"ReadAction","target":["https:\/\/tie-systeme.ch\/produkte\/abzweigdose\/"]}]},{"@type":"ImageObject","inLanguage":"fr-FR","@id":"https:\/\/tie-systeme.ch\/produkte\/abzweigdose\/#primaryimage","url":"https:\/\/tie-systeme.ch\/wp-content\/uploads\/2024\/07\/104-E-Farbe.png","contentUrl":"https:\/\/tie-systeme.ch\/wp-content\/uploads\/2024\/07\/104-E-Farbe.png","width":2000,"height":2000,"caption":"Abbildung eines TIE-Systems"},{"@type":"BreadcrumbList","@id":"https:\/\/tie-systeme.ch\/produkte\/abzweigdose\/#breadcrumb","itemListElement":[{"@type":"ListItem","position":1,"name":"Home","item":"https:\/\/tie-systeme.ch\/fr\/"},{"@type":"ListItem","position":2,"name":"Boutique","item":"https:\/\/tie-systeme.ch\/produkte\/"},{"@type":"ListItem","position":3,"name":"Bo\u00eete de d\u00e9rivation"}]},{"@type":"WebSite","@id":"https:\/\/tie-systeme.ch\/#website","url":"https:\/\/tie-systeme.ch\/","name":"Tie Systeme","description":"Thermodynamisch Isolierte Elektrosysteme","publisher":{"@id":"https:\/\/tie-systeme.ch\/#organization"},"potentialAction":[{"@type":"SearchAction","target":{"@type":"EntryPoint","urlTemplate":"https:\/\/tie-systeme.ch\/?s={search_term_string}"},"query-input":{"@type":"PropertyValueSpecification","valueRequired":true,"valueName":"search_term_string"}}],"inLanguage":"fr-FR"},{"@type":"Organization","@id":"https:\/\/tie-systeme.ch\/#organization","name":"Tie Systeme","url":"https:\/\/tie-systeme.ch\/","logo":{"@type":"ImageObject","inLanguage":"fr-FR","@id":"https:\/\/tie-systeme.ch\/#\/schema\/logo\/image\/","url":"https:\/\/tie-systeme.ch\/wp-content\/uploads\/2024\/07\/Logo-mit-Untertitel-1.png","contentUrl":"https:\/\/tie-systeme.ch\/wp-content\/uploads\/2024\/07\/Logo-mit-Untertitel-1.png","width":400,"height":100,"caption":"Tie Systeme"},"image":{"@id":"https:\/\/tie-systeme.ch\/#\/schema\/logo\/image\/"}}]}},"_links":{"self":[{"href":"https:\/\/tie-systeme.ch\/fr\/wp-json\/wp\/v2\/product\/11001","targetHints":{"allow":["GET"]}}],"collection":[{"href":"https:\/\/tie-systeme.ch\/fr\/wp-json\/wp\/v2\/product"}],"about":[{"href":"https:\/\/tie-systeme.ch\/fr\/wp-json\/wp\/v2\/types\/product"}],"replies":[{"embeddable":true,"href":"https:\/\/tie-systeme.ch\/fr\/wp-json\/wp\/v2\/comments?post=11001"}],"version-history":[{"count":2,"href":"https:\/\/tie-systeme.ch\/fr\/wp-json\/wp\/v2\/product\/11001\/revisions"}],"predecessor-version":[{"id":11289,"href":"https:\/\/tie-systeme.ch\/fr\/wp-json\/wp\/v2\/product\/11001\/revisions\/11289"}],"wp:featuredmedia":[{"embeddable":true,"href":"https:\/\/tie-systeme.ch\/fr\/wp-json\/wp\/v2\/media\/10857"}],"wp:attachment":[{"href":"https:\/\/tie-systeme.ch\/fr\/wp-json\/wp\/v2\/media?parent=11001"}],"wp:term":[{"taxonomy":"product_brand","embeddable":true,"href":"https:\/\/tie-systeme.ch\/fr\/wp-json\/wp\/v2\/product_brand?post=11001"},{"taxonomy":"product_cat","embeddable":true,"href":"https:\/\/tie-systeme.ch\/fr\/wp-json\/wp\/v2\/product_cat?post=11001"},{"taxonomy":"product_tag","embeddable":true,"href":"https:\/\/tie-systeme.ch\/fr\/wp-json\/wp\/v2\/product_tag?post=11001"}],"curies":[{"name":"wp","href":"https:\/\/api.w.org\/{rel}","templated":true}]}}