{"id":10986,"date":"2024-07-11T13:06:12","date_gmt":"2024-07-11T13:06:12","guid":{"rendered":"https:\/\/tie-systeme.ch\/produkte\/colle-hybride-tie\/"},"modified":"2025-05-12T13:12:19","modified_gmt":"2025-05-12T13:12:19","slug":"colle-hybride-tie","status":"publish","type":"product","link":"https:\/\/tie-systeme.ch\/fr\/produkte\/colle-hybride-tie\/","title":{"rendered":"Colle hybride TIE"},"content":{"rendered":"\t\t<div data-elementor-type=\"wp-post\" data-elementor-id=\"10986\" class=\"elementor elementor-10986 elementor-1264\">\n\t\t\t\t<div class=\"elementor-element elementor-element-5e577d6 e-flex e-con-boxed e-con e-parent\" data-id=\"5e577d6\" data-element_type=\"container\">\n\t\t\t\t\t<div class=\"e-con-inner\">\n\t\t\t\t<div class=\"elementor-element elementor-element-1f1d8c51 elementor-widget-divider--view-line elementor-widget elementor-widget-divider\" data-id=\"1f1d8c51\" data-element_type=\"widget\" data-widget_type=\"divider.default\">\n\t\t\t\t<div class=\"elementor-widget-container\">\n\t\t\t\t\t\t\t<div class=\"elementor-divider\">\n\t\t\t<span class=\"elementor-divider-separator\">\n\t\t\t\t\t\t<\/span>\n\t\t<\/div>\n\t\t\t\t\t\t<\/div>\n\t\t\t\t<\/div>\n\t\t\t\t<div class=\"elementor-element elementor-element-2317c96a elementor-widget elementor-widget-heading\" data-id=\"2317c96a\" data-element_type=\"widget\" data-widget_type=\"heading.default\">\n\t\t\t\t<div class=\"elementor-widget-container\">\n\t\t\t\t\t<h5 class=\"elementor-heading-title elementor-size-default\">T\u00e9l\u00e9chargements<\/h5>\t\t\t\t<\/div>\n\t\t\t\t<\/div>\n\t\t\t\t\t<\/div>\n\t\t\t\t<\/div>\n\t\t<div class=\"elementor-element elementor-element-44b087b7 e-con-full e-flex e-con e-parent\" data-id=\"44b087b7\" data-element_type=\"container\">\n\t\t\t\t<div class=\"elementor-element elementor-element-70298421 elementor-button-info elementor-align-left elementor-widget elementor-widget-button\" data-id=\"70298421\" data-element_type=\"widget\" data-widget_type=\"button.default\">\n\t\t\t\t<div class=\"elementor-widget-container\">\n\t\t\t\t\t\t\t\t\t<div class=\"elementor-button-wrapper\">\n\t\t\t\t\t<a class=\"elementor-button elementor-button-link elementor-size-sm\" href=\"https:\/\/tie-systeme.ch\/wp-content\/uploads\/2025\/01\/Produktdatenblatt-Hybridkleber_d_f_i.pdf\" target=\"_blank\">\n\t\t\t\t\t\t<span class=\"elementor-button-content-wrapper\">\n\t\t\t\t\t\t\t\t\t<span class=\"elementor-button-text\">Fiche produit<\/span>\n\t\t\t\t\t<\/span>\n\t\t\t\t\t<\/a>\n\t\t\t\t<\/div>\n\t\t\t\t\t\t\t\t<\/div>\n\t\t\t\t<\/div>\n\t\t\t\t<div class=\"elementor-element elementor-element-1a26878b elementor-button-info elementor-widget elementor-widget-button\" data-id=\"1a26878b\" data-element_type=\"widget\" data-widget_type=\"button.default\">\n\t\t\t\t<div class=\"elementor-widget-container\">\n\t\t\t\t\t\t\t\t\t<div class=\"elementor-button-wrapper\">\n\t\t\t\t\t<a class=\"elementor-button elementor-button-link elementor-size-sm\" href=\"https:\/\/tie-systeme.ch\/wp-content\/uploads\/2025\/01\/TIE-Hybridkleber_Sicherheitsdatenblatt_355435_S_ch_de.pdf\" target=\"_blank\">\n\t\t\t\t\t\t<span class=\"elementor-button-content-wrapper\">\n\t\t\t\t\t\t\t\t\t<span class=\"elementor-button-text\">Fiche de donn\u00e9es de s\u00e9curit\u00e9<\/span>\n\t\t\t\t\t<\/span>\n\t\t\t\t\t<\/a>\n\t\t\t\t<\/div>\n\t\t\t\t\t\t\t\t<\/div>\n\t\t\t\t<\/div>\n\t\t\t\t<\/div>\n\t\t\t\t<\/div>\n\t\t","protected":false},"excerpt":{"rendered":"<p>Disponible chez les grossistes en mat\u00e9riel \u00e9lectrique:<br \/>\nCartouche de 290 ml : N\u00b0 E 372 810 009 372 810 009<\/p>\n<p><b>Informations techniques<\/b><br \/>\nVeuillez consulter la fiche technique du produit<\/p>\n<p><b>Propri\u00e9t\u00e9s<\/b><br \/>\nLa colle hybride TIE est pr\u00eate \u00e0 l\u2019emploi, \u00e0 r\u00e9ticulation neutre, inodore, sans retrait, sans solvant et sans isocyanate. Elle est totalement exempte de silicone. <\/p>\n<p><b>Mise en \u0153uvre<\/b><br \/>\nLes mat\u00e9riaux \u00e0 coller doivent \u00eatre stables, exempts de poussi\u00e8re et de graisse avant l\u2019application de la colle hybride TIE.<\/p>\n<p><b>ASTUCE:<\/b> La vitesse de durcissement peut \u00eatre acc\u00e9l\u00e9r\u00e9e par l\u2019apport d\u2019humidit\u00e9 ainsi que par des temp\u00e9ratures plus \u00e9lev\u00e9es. L\u2019application de la colle hybride TIE s\u2019effectue \u00e0 l\u2019aide d\u2019une presse manuelle ou \u00e0 air comprim\u00e9 disponible dans le commerce. <\/p>\n<p><b>Consignes de s\u00e9curit\u00e9<\/b><br \/>\nVeuillez vous r\u00e9f\u00e9rer \u00e0 la fiche de donn\u00e9es de s\u00e9curit\u00e9 CE actuelle.<\/p>\n<p><b>couleur: <\/b><b>blanc<\/b><\/p>\n<p><b>Stockage<\/b><br \/>\nAu frais et au sec, se conserve au moins 24 mois dans son emballage d\u2019origine<\/p>\n","protected":false},"featured_media":11538,"comment_status":"closed","ping_status":"closed","template":"","meta":{"site-sidebar-layout":"default","site-content-layout":"page-builder","ast-site-content-layout":"default","site-content-style":"default","site-sidebar-style":"default","ast-global-header-display":"","ast-banner-title-visibility":"","ast-main-header-display":"","ast-hfb-above-header-display":"","ast-hfb-below-header-display":"","ast-hfb-mobile-header-display":"","site-post-title":"disabled","ast-breadcrumbs-content":"","ast-featured-img":"disabled","footer-sml-layout":"","ast-disable-related-posts":"","theme-transparent-header-meta":"default","adv-header-id-meta":"","stick-header-meta":"","header-above-stick-meta":"","header-main-stick-meta":"","header-below-stick-meta":"","astra-migrate-meta-layouts":"default","ast-page-background-enabled":"default","ast-page-background-meta":{"desktop":{"background-color":"var(--ast-global-color-4)","background-image":"","background-repeat":"repeat","background-position":"center center","background-size":"auto","background-attachment":"scroll","background-type":"","background-media":"","overlay-type":"","overlay-color":"","overlay-opacity":"","overlay-gradient":""},"tablet":{"background-color":"","background-image":"","background-repeat":"repeat","background-position":"center center","background-size":"auto","background-attachment":"scroll","background-type":"","background-media":"","overlay-type":"","overlay-color":"","overlay-opacity":"","overlay-gradient":""},"mobile":{"background-color":"","background-image":"","background-repeat":"repeat","background-position":"center center","background-size":"auto","background-attachment":"scroll","background-type":"","background-media":"","overlay-type":"","overlay-color":"","overlay-opacity":"","overlay-gradient":""}},"ast-content-background-meta":{"desktop":{"background-color":"var(--ast-global-color-5)","background-image":"","background-repeat":"repeat","background-position":"center center","background-size":"auto","background-attachment":"scroll","background-type":"","background-media":"","overlay-type":"","overlay-color":"","overlay-opacity":"","overlay-gradient":""},"tablet":{"background-color":"var(--ast-global-color-5)","background-image":"","background-repeat":"repeat","background-position":"center center","background-size":"auto","background-attachment":"scroll","background-type":"","background-media":"","overlay-type":"","overlay-color":"","overlay-opacity":"","overlay-gradient":""},"mobile":{"background-color":"var(--ast-global-color-5)","background-image":"","background-repeat":"repeat","background-position":"center center","background-size":"auto","background-attachment":"scroll","background-type":"","background-media":"","overlay-type":"","overlay-color":"","overlay-opacity":"","overlay-gradient":""}}},"product_brand":[],"product_cat":[86,78],"product_tag":[88,87,89,90],"class_list":{"0":"post-10986","1":"product","2":"type-product","3":"status-publish","4":"has-post-thumbnail","6":"product_cat-accessoires","7":"product_cat-tous-les-produits","8":"product_tag-colle","9":"product_tag-hybride","10":"product_tag-montage-fr","11":"product_tag-simplement","12":"desktop-align-center","13":"tablet-align-left","14":"mobile-align-left","16":"first","17":"instock","18":"virtual","19":"product-type-simple"},"yoast_head":"<!-- This site is optimized with the Yoast SEO plugin v26.6 - https:\/\/yoast.com\/wordpress\/plugins\/seo\/ -->\n<title>Colle hybride TIE - Tie Systeme<\/title>\n<meta name=\"robots\" content=\"index, follow, max-snippet:-1, max-image-preview:large, max-video-preview:-1\" \/>\n<link rel=\"canonical\" href=\"https:\/\/tie-systeme.ch\/produkte\/tie-hybrid-kleber\/\" \/>\n<meta property=\"og:locale\" content=\"fr_FR\" \/>\n<meta property=\"og:type\" content=\"article\" \/>\n<meta property=\"og:title\" content=\"Colle hybride TIE - Tie Systeme\" \/>\n<meta property=\"og:description\" content=\"Disponible chez les grossistes en mat\u00e9riel \u00e9lectrique: Cartouche de 290 ml : N\u00b0 E 372 810 009 372 810 009 Informations techniques Veuillez consulter la fiche technique du produit Propri\u00e9t\u00e9s La colle hybride TIE est pr\u00eate \u00e0 l\u2019emploi, \u00e0 r\u00e9ticulation neutre, inodore, sans retrait, sans solvant et sans isocyanate. Elle est totalement exempte de silicone.  Mise en \u0153uvre Les mat\u00e9riaux \u00e0 coller doivent \u00eatre stables, exempts de poussi\u00e8re et de graisse avant l\u2019application de la colle hybride TIE. ASTUCE: La vitesse de durcissement peut \u00eatre acc\u00e9l\u00e9r\u00e9e par l\u2019apport d\u2019humidit\u00e9 ainsi que par des temp\u00e9ratures plus \u00e9lev\u00e9es. L\u2019application de la colle hybride TIE s\u2019effectue \u00e0 l\u2019aide d\u2019une presse manuelle ou \u00e0 air comprim\u00e9 disponible dans le commerce.  Consignes de s\u00e9curit\u00e9 Veuillez vous r\u00e9f\u00e9rer \u00e0 la fiche de donn\u00e9es de s\u00e9curit\u00e9 CE actuelle. couleur: blanc Stockage Au frais et au sec, se conserve au moins 24 mois dans son emballage d\u2019origine\" \/>\n<meta property=\"og:url\" content=\"https:\/\/tie-systeme.ch\/produkte\/tie-hybrid-kleber\/\" \/>\n<meta property=\"og:site_name\" content=\"Tie Systeme\" \/>\n<meta property=\"article:modified_time\" content=\"2025-05-12T13:12:19+00:00\" \/>\n<meta property=\"og:image\" content=\"https:\/\/tie-systeme.ch\/wp-content\/uploads\/2024\/07\/151-KL-Farbe.png\" \/>\n\t<meta property=\"og:image:width\" content=\"2000\" \/>\n\t<meta property=\"og:image:height\" content=\"2000\" \/>\n\t<meta property=\"og:image:type\" content=\"image\/png\" \/>\n<meta name=\"twitter:card\" content=\"summary_large_image\" \/>\n<script type=\"application\/ld+json\" class=\"yoast-schema-graph\">{\"@context\":\"https:\/\/schema.org\",\"@graph\":[{\"@type\":\"WebPage\",\"@id\":\"https:\/\/tie-systeme.ch\/produkte\/tie-hybrid-kleber\/\",\"url\":\"https:\/\/tie-systeme.ch\/produkte\/tie-hybrid-kleber\/\",\"name\":\"Colle hybride TIE - Tie Systeme\",\"isPartOf\":{\"@id\":\"https:\/\/tie-systeme.ch\/#website\"},\"primaryImageOfPage\":{\"@id\":\"https:\/\/tie-systeme.ch\/produkte\/tie-hybrid-kleber\/#primaryimage\"},\"image\":{\"@id\":\"https:\/\/tie-systeme.ch\/produkte\/tie-hybrid-kleber\/#primaryimage\"},\"thumbnailUrl\":\"https:\/\/tie-systeme.ch\/wp-content\/uploads\/2024\/07\/Produktbild-TIE-Hybridkleber-310-ml.png\",\"datePublished\":\"2024-07-11T13:06:12+00:00\",\"dateModified\":\"2025-05-12T13:12:19+00:00\",\"breadcrumb\":{\"@id\":\"https:\/\/tie-systeme.ch\/produkte\/tie-hybrid-kleber\/#breadcrumb\"},\"inLanguage\":\"fr-FR\",\"potentialAction\":[{\"@type\":\"ReadAction\",\"target\":[\"https:\/\/tie-systeme.ch\/produkte\/tie-hybrid-kleber\/\"]}]},{\"@type\":\"ImageObject\",\"inLanguage\":\"fr-FR\",\"@id\":\"https:\/\/tie-systeme.ch\/produkte\/tie-hybrid-kleber\/#primaryimage\",\"url\":\"https:\/\/tie-systeme.ch\/wp-content\/uploads\/2024\/07\/Produktbild-TIE-Hybridkleber-310-ml.png\",\"contentUrl\":\"https:\/\/tie-systeme.ch\/wp-content\/uploads\/2024\/07\/Produktbild-TIE-Hybridkleber-310-ml.png\",\"width\":2000,\"height\":2000},{\"@type\":\"BreadcrumbList\",\"@id\":\"https:\/\/tie-systeme.ch\/produkte\/tie-hybrid-kleber\/#breadcrumb\",\"itemListElement\":[{\"@type\":\"ListItem\",\"position\":1,\"name\":\"Home\",\"item\":\"https:\/\/tie-systeme.ch\/\"},{\"@type\":\"ListItem\",\"position\":2,\"name\":\"Boutique\",\"item\":\"https:\/\/tie-systeme.ch\/produkte\/\"},{\"@type\":\"ListItem\",\"position\":3,\"name\":\"Colle hybride TIE\"}]},{\"@type\":\"WebSite\",\"@id\":\"https:\/\/tie-systeme.ch\/#website\",\"url\":\"https:\/\/tie-systeme.ch\/\",\"name\":\"Tie Systeme\",\"description\":\"Thermodynamisch Isolierte Elektrosysteme\",\"publisher\":{\"@id\":\"https:\/\/tie-systeme.ch\/#organization\"},\"potentialAction\":[{\"@type\":\"SearchAction\",\"target\":{\"@type\":\"EntryPoint\",\"urlTemplate\":\"https:\/\/tie-systeme.ch\/?s={search_term_string}\"},\"query-input\":{\"@type\":\"PropertyValueSpecification\",\"valueRequired\":true,\"valueName\":\"search_term_string\"}}],\"inLanguage\":\"fr-FR\"},{\"@type\":\"Organization\",\"@id\":\"https:\/\/tie-systeme.ch\/#organization\",\"name\":\"Tie Systeme\",\"url\":\"https:\/\/tie-systeme.ch\/\",\"logo\":{\"@type\":\"ImageObject\",\"inLanguage\":\"fr-FR\",\"@id\":\"https:\/\/tie-systeme.ch\/#\/schema\/logo\/image\/\",\"url\":\"https:\/\/tie-systeme.ch\/wp-content\/uploads\/2024\/07\/Logo-mit-Untertitel-1.png\",\"contentUrl\":\"https:\/\/tie-systeme.ch\/wp-content\/uploads\/2024\/07\/Logo-mit-Untertitel-1.png\",\"width\":400,\"height\":100,\"caption\":\"Tie Systeme\"},\"image\":{\"@id\":\"https:\/\/tie-systeme.ch\/#\/schema\/logo\/image\/\"}}]}<\/script>\n<!-- \/ Yoast SEO plugin. -->","yoast_head_json":{"title":"Colle hybride TIE - Tie Systeme","robots":{"index":"index","follow":"follow","max-snippet":"max-snippet:-1","max-image-preview":"max-image-preview:large","max-video-preview":"max-video-preview:-1"},"canonical":"https:\/\/tie-systeme.ch\/produkte\/tie-hybrid-kleber\/","og_locale":"fr_FR","og_type":"article","og_title":"Colle hybride TIE - Tie Systeme","og_description":"Disponible chez les grossistes en mat\u00e9riel \u00e9lectrique: Cartouche de 290 ml : N\u00b0 E 372 810 009 372 810 009 Informations techniques Veuillez consulter la fiche technique du produit Propri\u00e9t\u00e9s La colle hybride TIE est pr\u00eate \u00e0 l\u2019emploi, \u00e0 r\u00e9ticulation neutre, inodore, sans retrait, sans solvant et sans isocyanate. Elle est totalement exempte de silicone.  Mise en \u0153uvre Les mat\u00e9riaux \u00e0 coller doivent \u00eatre stables, exempts de poussi\u00e8re et de graisse avant l\u2019application de la colle hybride TIE. ASTUCE: La vitesse de durcissement peut \u00eatre acc\u00e9l\u00e9r\u00e9e par l\u2019apport d\u2019humidit\u00e9 ainsi que par des temp\u00e9ratures plus \u00e9lev\u00e9es. L\u2019application de la colle hybride TIE s\u2019effectue \u00e0 l\u2019aide d\u2019une presse manuelle ou \u00e0 air comprim\u00e9 disponible dans le commerce.  Consignes de s\u00e9curit\u00e9 Veuillez vous r\u00e9f\u00e9rer \u00e0 la fiche de donn\u00e9es de s\u00e9curit\u00e9 CE actuelle. couleur: blanc Stockage Au frais et au sec, se conserve au moins 24 mois dans son emballage d\u2019origine","og_url":"https:\/\/tie-systeme.ch\/produkte\/tie-hybrid-kleber\/","og_site_name":"Tie Systeme","article_modified_time":"2025-05-12T13:12:19+00:00","og_image":[{"width":2000,"height":2000,"url":"https:\/\/tie-systeme.ch\/wp-content\/uploads\/2024\/07\/151-KL-Farbe.png","type":"image\/png"}],"twitter_card":"summary_large_image","schema":{"@context":"https:\/\/schema.org","@graph":[{"@type":"WebPage","@id":"https:\/\/tie-systeme.ch\/produkte\/tie-hybrid-kleber\/","url":"https:\/\/tie-systeme.ch\/produkte\/tie-hybrid-kleber\/","name":"Colle hybride TIE - Tie Systeme","isPartOf":{"@id":"https:\/\/tie-systeme.ch\/#website"},"primaryImageOfPage":{"@id":"https:\/\/tie-systeme.ch\/produkte\/tie-hybrid-kleber\/#primaryimage"},"image":{"@id":"https:\/\/tie-systeme.ch\/produkte\/tie-hybrid-kleber\/#primaryimage"},"thumbnailUrl":"https:\/\/tie-systeme.ch\/wp-content\/uploads\/2024\/07\/Produktbild-TIE-Hybridkleber-310-ml.png","datePublished":"2024-07-11T13:06:12+00:00","dateModified":"2025-05-12T13:12:19+00:00","breadcrumb":{"@id":"https:\/\/tie-systeme.ch\/produkte\/tie-hybrid-kleber\/#breadcrumb"},"inLanguage":"fr-FR","potentialAction":[{"@type":"ReadAction","target":["https:\/\/tie-systeme.ch\/produkte\/tie-hybrid-kleber\/"]}]},{"@type":"ImageObject","inLanguage":"fr-FR","@id":"https:\/\/tie-systeme.ch\/produkte\/tie-hybrid-kleber\/#primaryimage","url":"https:\/\/tie-systeme.ch\/wp-content\/uploads\/2024\/07\/Produktbild-TIE-Hybridkleber-310-ml.png","contentUrl":"https:\/\/tie-systeme.ch\/wp-content\/uploads\/2024\/07\/Produktbild-TIE-Hybridkleber-310-ml.png","width":2000,"height":2000},{"@type":"BreadcrumbList","@id":"https:\/\/tie-systeme.ch\/produkte\/tie-hybrid-kleber\/#breadcrumb","itemListElement":[{"@type":"ListItem","position":1,"name":"Home","item":"https:\/\/tie-systeme.ch\/"},{"@type":"ListItem","position":2,"name":"Boutique","item":"https:\/\/tie-systeme.ch\/produkte\/"},{"@type":"ListItem","position":3,"name":"Colle hybride TIE"}]},{"@type":"WebSite","@id":"https:\/\/tie-systeme.ch\/#website","url":"https:\/\/tie-systeme.ch\/","name":"Tie Systeme","description":"Thermodynamisch Isolierte Elektrosysteme","publisher":{"@id":"https:\/\/tie-systeme.ch\/#organization"},"potentialAction":[{"@type":"SearchAction","target":{"@type":"EntryPoint","urlTemplate":"https:\/\/tie-systeme.ch\/?s={search_term_string}"},"query-input":{"@type":"PropertyValueSpecification","valueRequired":true,"valueName":"search_term_string"}}],"inLanguage":"fr-FR"},{"@type":"Organization","@id":"https:\/\/tie-systeme.ch\/#organization","name":"Tie Systeme","url":"https:\/\/tie-systeme.ch\/","logo":{"@type":"ImageObject","inLanguage":"fr-FR","@id":"https:\/\/tie-systeme.ch\/#\/schema\/logo\/image\/","url":"https:\/\/tie-systeme.ch\/wp-content\/uploads\/2024\/07\/Logo-mit-Untertitel-1.png","contentUrl":"https:\/\/tie-systeme.ch\/wp-content\/uploads\/2024\/07\/Logo-mit-Untertitel-1.png","width":400,"height":100,"caption":"Tie Systeme"},"image":{"@id":"https:\/\/tie-systeme.ch\/#\/schema\/logo\/image\/"}}]}},"_links":{"self":[{"href":"https:\/\/tie-systeme.ch\/fr\/wp-json\/wp\/v2\/product\/10986","targetHints":{"allow":["GET"]}}],"collection":[{"href":"https:\/\/tie-systeme.ch\/fr\/wp-json\/wp\/v2\/product"}],"about":[{"href":"https:\/\/tie-systeme.ch\/fr\/wp-json\/wp\/v2\/types\/product"}],"replies":[{"embeddable":true,"href":"https:\/\/tie-systeme.ch\/fr\/wp-json\/wp\/v2\/comments?post=10986"}],"version-history":[{"count":1,"href":"https:\/\/tie-systeme.ch\/fr\/wp-json\/wp\/v2\/product\/10986\/revisions"}],"predecessor-version":[{"id":10987,"href":"https:\/\/tie-systeme.ch\/fr\/wp-json\/wp\/v2\/product\/10986\/revisions\/10987"}],"wp:featuredmedia":[{"embeddable":true,"href":"https:\/\/tie-systeme.ch\/fr\/wp-json\/wp\/v2\/media\/11538"}],"wp:attachment":[{"href":"https:\/\/tie-systeme.ch\/fr\/wp-json\/wp\/v2\/media?parent=10986"}],"wp:term":[{"taxonomy":"product_brand","embeddable":true,"href":"https:\/\/tie-systeme.ch\/fr\/wp-json\/wp\/v2\/product_brand?post=10986"},{"taxonomy":"product_cat","embeddable":true,"href":"https:\/\/tie-systeme.ch\/fr\/wp-json\/wp\/v2\/product_cat?post=10986"},{"taxonomy":"product_tag","embeddable":true,"href":"https:\/\/tie-systeme.ch\/fr\/wp-json\/wp\/v2\/product_tag?post=10986"}],"curies":[{"name":"wp","href":"https:\/\/api.w.org\/{rel}","templated":true}]}}