{"id":11021,"date":"2024-07-24T15:01:16","date_gmt":"2024-07-24T15:01:16","guid":{"rendered":"https:\/\/tie-systeme.ch\/mentions-legales\/"},"modified":"2025-11-14T14:51:00","modified_gmt":"2025-11-14T14:51:00","slug":"mentions-legales","status":"publish","type":"page","link":"https:\/\/tie-systeme.ch\/fr\/mentions-legales\/","title":{"rendered":"Mentions l\u00e9gales"},"content":{"rendered":"\t\t<div data-elementor-type=\"wp-page\" data-elementor-id=\"11021\" class=\"elementor elementor-11021 elementor-1770\">\n\t\t\t\t\t\t<section class=\"elementor-section elementor-top-section elementor-element elementor-element-834dd5c elementor-section-boxed elementor-section-height-default elementor-section-height-default\" data-id=\"834dd5c\" data-element_type=\"section\">\n\t\t\t\t\t\t<div class=\"elementor-container elementor-column-gap-default\">\n\t\t\t\t\t<div class=\"elementor-column elementor-col-100 elementor-top-column elementor-element elementor-element-13b3740\" data-id=\"13b3740\" data-element_type=\"column\">\n\t\t\t<div class=\"elementor-widget-wrap elementor-element-populated\">\n\t\t\t\t\t\t<div class=\"elementor-element elementor-element-ee631a3 elementor-widget elementor-widget-heading\" data-id=\"ee631a3\" data-element_type=\"widget\" data-widget_type=\"heading.default\">\n\t\t\t\t<div class=\"elementor-widget-container\">\n\t\t\t\t\t<h4 class=\"elementor-heading-title elementor-size-default\">Stiftung Wendepunkt<\/h4>\t\t\t\t<\/div>\n\t\t\t\t<\/div>\n\t\t\t\t<div class=\"elementor-element elementor-element-bbb083e elementor-widget elementor-widget-text-editor\" data-id=\"bbb083e\" data-element_type=\"widget\" data-widget_type=\"text-editor.default\">\n\t\t\t\t<div class=\"elementor-widget-container\">\n\t\t\t\t\t\t\t\t\t<p>Schl\u00fcsselring 10<br>5037 Muhen<br>T\u00e9l. : 062 737 55 80<br><a href=\"mailto:info@wende.ch\">info@wende.ch<\/a><br>CHE-106.834.317 TVA<\/p>\t\t\t\t\t\t\t\t<\/div>\n\t\t\t\t<\/div>\n\t\t\t\t\t<\/div>\n\t\t<\/div>\n\t\t\t\t\t<\/div>\n\t\t<\/section>\n\t\t\t\t<section class=\"elementor-section elementor-top-section elementor-element elementor-element-d96236d elementor-section-boxed elementor-section-height-default elementor-section-height-default\" data-id=\"d96236d\" data-element_type=\"section\">\n\t\t\t\t\t\t<div class=\"elementor-container elementor-column-gap-default\">\n\t\t\t\t\t<div class=\"elementor-column elementor-col-100 elementor-top-column elementor-element elementor-element-e6d6549\" data-id=\"e6d6549\" data-element_type=\"column\">\n\t\t\t<div class=\"elementor-widget-wrap elementor-element-populated\">\n\t\t\t\t\t\t<div class=\"elementor-element elementor-element-6f00773 elementor-widget elementor-widget-heading\" data-id=\"6f00773\" data-element_type=\"widget\" data-widget_type=\"heading.default\">\n\t\t\t\t<div class=\"elementor-widget-container\">\n\t\t\t\t\t<h4 class=\"elementor-heading-title elementor-size-default\">Champ d'application<\/h4>\t\t\t\t<\/div>\n\t\t\t\t<\/div>\n\t\t\t\t<div class=\"elementor-element elementor-element-9a1e4e4 elementor-widget elementor-widget-text-editor\" data-id=\"9a1e4e4\" data-element_type=\"widget\" data-widget_type=\"text-editor.default\">\n\t\t\t\t<div class=\"elementor-widget-container\">\n\t\t\t\t\t\t\t\t\t<p>Les pr\u00e9sentes dispositions s\u2019appliquent aux sites web officiels (portails) de la Fondation Wendepunkt. Ce portail a pour but de fournir des informations. La Fondation Wendepunkt peut faire appel \u00e0 des tiers pour l&rsquo;exploitation du portail. Ces informations et ces r\u00e8gles d&rsquo;utilisation se rapportent \u00e0 tous les portails de la Fondation Wendepunkt ainsi qu&rsquo;\u00e0 d&rsquo;autres sites web qui renvoient \u00e0 tous les portails de la Fondation Wendepunkt (d\u00e9nomm\u00e9s ci-apr\u00e8s collectivement \u00ab portails \u00bb). Elles sont g\u00e9r\u00e9es par la personne morale ou physique indiqu\u00e9e dans les mentions l\u00e9gales des portails (d\u00e9nomm\u00e9e ci-apr\u00e8s \u00ab la soci\u00e9t\u00e9 exploitante \u00bb). Les informations tout comme les r\u00e8gles d&rsquo;utilisation peuvent faire l\u2019objet de modifications \u00e0 tout moment. Dans ce cas, les modifications ont valeur contraignante.      <\/p>\t\t\t\t\t\t\t\t<\/div>\n\t\t\t\t<\/div>\n\t\t\t\t<div class=\"elementor-element elementor-element-c04d3a0 elementor-widget elementor-widget-heading\" data-id=\"c04d3a0\" data-element_type=\"widget\" data-widget_type=\"heading.default\">\n\t\t\t\t<div class=\"elementor-widget-container\">\n\t\t\t\t\t<h4 class=\"elementor-heading-title elementor-size-default\">Droits de propri\u00e9t\u00e9 intellectuelle et autres droits<\/h4>\t\t\t\t<\/div>\n\t\t\t\t<\/div>\n\t\t\t\t<div class=\"elementor-element elementor-element-1f31253 elementor-widget elementor-widget-text-editor\" data-id=\"1f31253\" data-element_type=\"widget\" data-widget_type=\"text-editor.default\">\n\t\t\t\t<div class=\"elementor-widget-container\">\n\t\t\t\t\t\t\t\t\t<p>Sous r\u00e9serve d&rsquo;autres dispositions applicables, la soci\u00e9t\u00e9 exploitante est propri\u00e9taire du portail. L&rsquo;ensemble des marques, noms, titres, logos, images, designs, textes et autres mat\u00e9riels utilis\u00e9s sur le site appartiennent \u00e0 une personne juridique relevant de la soci\u00e9t\u00e9 exploitante. La consultation, le t\u00e9l\u00e9chargement ou la copie de pages ne conf\u00e8re aucun droit (d&rsquo;utilisation, de propri\u00e9t\u00e9 intellectuelle, etc.). La reproduction (compl\u00e8te ou partielle), la transmission (\u00e9lectronique ou par d&rsquo;autres moyens), la modification, la cr\u00e9ation de liens ou l&rsquo;utilisation des portails pour des finalit\u00e9s publiques ou commerciales sont interdites en l\u2019absence d\u2019autorisation \u00e9crite pr\u00e9alable.   <\/p>\t\t\t\t\t\t\t\t<\/div>\n\t\t\t\t<\/div>\n\t\t\t\t<div class=\"elementor-element elementor-element-65ba9b1 elementor-widget elementor-widget-heading\" data-id=\"65ba9b1\" data-element_type=\"widget\" data-widget_type=\"heading.default\">\n\t\t\t\t<div class=\"elementor-widget-container\">\n\t\t\t\t\t<h4 class=\"elementor-heading-title elementor-size-default\">Clause d\u2019exclusion de responsabilit\u00e9<\/h4>\t\t\t\t<\/div>\n\t\t\t\t<\/div>\n\t\t\t\t<div class=\"elementor-element elementor-element-5e38b2c elementor-widget elementor-widget-text-editor\" data-id=\"5e38b2c\" data-element_type=\"widget\" data-widget_type=\"text-editor.default\">\n\t\t\t\t<div class=\"elementor-widget-container\">\n\t\t\t\t\t\t\t\t\t<p>La soci\u00e9t\u00e9 exploitante n&rsquo;assume aucune responsabilit\u00e9 en ce qui concerne la v\u00e9racit\u00e9, l&rsquo;exactitude, l&rsquo;actualit\u00e9, la fiabilit\u00e9 et l&rsquo;exhaustivit\u00e9 des informations. La soci\u00e9t\u00e9 exploitante ne saurait \u00eatre tenue pour responsable des dommages mat\u00e9riels ou immat\u00e9riels qui pourraient \u00eatre caus\u00e9s par l&rsquo;acc\u00e8s aux informations publi\u00e9es ou bien par leur utilisation ou non-utilisation, par le mauvais usage de la connexion ou par des dysfonctionnements techniques. Toutes les offres sont sans engagement. La soci\u00e9t\u00e9 exploitante se r\u00e9serve express\u00e9ment le droit de modifier, de compl\u00e9ter ou de supprimer des parties de sites ou m\u00eame l&rsquo;ensemble de l&rsquo;offre sans avis pr\u00e9alable, ou d&rsquo;en suspendre temporairement ou d\u00e9finitivement la publication. Les renvois et les liens vers des sites web de tiers ne rel\u00e8vent pas de notre responsabilit\u00e9. Nous d\u00e9clinons toute responsabilit\u00e9 pour de tels sites web. L&rsquo;acc\u00e8s \u00e0 de tels sites et leur utilisation se font aux risques et p\u00e9rils de l&rsquo;utilisateur ou de l&rsquo;utilisatrice.      <\/p>\t\t\t\t\t\t\t\t<\/div>\n\t\t\t\t<\/div>\n\t\t\t\t<div class=\"elementor-element elementor-element-bc5c14d elementor-widget elementor-widget-heading\" data-id=\"bc5c14d\" data-element_type=\"widget\" data-widget_type=\"heading.default\">\n\t\t\t\t<div class=\"elementor-widget-container\">\n\t\t\t\t\t<h4 class=\"elementor-heading-title elementor-size-default\">Droits d'auteur<\/h4>\t\t\t\t<\/div>\n\t\t\t\t<\/div>\n\t\t\t\t<div class=\"elementor-element elementor-element-593bc97 elementor-widget elementor-widget-text-editor\" data-id=\"593bc97\" data-element_type=\"widget\" data-widget_type=\"text-editor.default\">\n\t\t\t\t<div class=\"elementor-widget-container\">\n\t\t\t\t\t\t\t\t\t<p>Les droits d&rsquo;auteur et tous les autres droits attach\u00e9s aux contenus, aux images, aux photos ou \u00e0 d\u2019autres fichiers pr\u00e9sents sur le site web appartiennent exclusivement \u00e0 la soci\u00e9t\u00e9 exploitante ou aux titulaires de droits express\u00e9ment cit\u00e9s. Pour la reproduction de tout \u00e9l\u00e9ment, l&rsquo;autorisation \u00e9crite des d\u00e9tenteurs des droits d&rsquo;auteur doit \u00eatre obtenue au pr\u00e9alable. Il est fait d\u00e9fense d&rsquo;utiliser, de reproduire ou de modifier les \u0153uvres sans l&rsquo;autorisation des auteurs concern\u00e9s.<\/p><p>Photographie en g\u00e9n\u00e9ral: <a href=\"https:\/\/butterfly-swordfish-m2fx.squarespace.com\/home\" target=\"_blank\" rel=\"noopener\">Phil Wenger<\/a> et <a href=\"https:\/\/fredericgiger.ch\/fotografie\/\" target=\"_blank\" rel=\"noopener\">Fr\u00e9d\u00e9ric Giger<\/a><br \/>Photographie de produits: suivra ult\u00e9rieurement<\/p><p>Cr\u00e9dit photo via iStock.com<br \/><a href=\"https:\/\/tie-systeme.ch\/fr\/\">Page d&rsquo;accueil<\/a>: <a href=\"https:\/\/www.istockphoto.com\/photo\/electrician-technician-at-work-with-safety-equipment-on-a-residential-electrical-gm937114374-256344018?clarity=false\" target=\"_blank\" rel=\"noopener\">Image<\/a>\u00a0de <a href=\"https:\/\/www.istockphoto.com\/portfolio\/francescomoufotografo?mediatype=photography\" target=\"_blank\" rel=\"noopener\">francescomoufotografo<\/a> | <a href=\"https:\/\/www.istockphoto.com\/photo\/construction-worker-sanding-a-drywall-surface-gm640355780-115962825?clarity=false\" target=\"_blank\" rel=\"noopener\">Image<\/a>\u00a0de <a href=\"https:\/\/www.istockphoto.com\/portfolio\/gilaxia?mediatype=photography\" target=\"_blank\" rel=\"noopener\">gilaxia<\/a> | <a href=\"https:\/\/www.istockphoto.com\/photo\/house-project-in-virtual-reality-gm1351472483-427218563?clarity=false\" target=\"_blank\" rel=\"noopener\">Image<\/a> de <a href=\"https:\/\/www.istockphoto.com\/portfolio\/Warchi?mediatype=photography\" target=\"_blank\" rel=\"noopener\">Warchi<\/a> | <a href=\"https:\/\/www.istockphoto.com\/photo\/smart-warehouse-management-system-for-real-time-monitoring-products-storage-shipping-gm1478771993-506956421?clarity=false\" target=\"_blank\" rel=\"noopener\">Image<\/a>\u00a0de <a href=\"https:\/\/www.istockphoto.com\/portfolio\/coffeekai?mediatype=photography\" target=\"_blank\" rel=\"noopener\">coffeekai<\/a><br \/><a href=\"https:\/\/tie-systeme.ch\/fr\/professionnels\/\">Professionels<\/a>: <a href=\"https:\/\/www.istockphoto.com\/photo\/electrician-technician-at-work-with-safety-equipment-on-a-residential-electrical-gm937114374-256344018?clarity=false\" target=\"_blank\" rel=\"noopener\">Image<\/a> de <a href=\"https:\/\/www.istockphoto.com\/portfolio\/francescomoufotografo?mediatype=photography\" target=\"_blank\" rel=\"noopener\">francescomoufotografo<\/a> | <a href=\"https:\/\/www.istockphoto.com\/photo\/construction-worker-sanding-a-drywall-surface-gm640355780-115962825?clarity=false\" target=\"_blank\" rel=\"noopener\">Image<\/a>\u00a0de <a href=\"https:\/\/www.istockphoto.com\/portfolio\/gilaxia?mediatype=photography\" target=\"_blank\" rel=\"noopener\">gilaxia<\/a> | <a href=\"https:\/\/www.istockphoto.com\/photo\/house-project-in-virtual-reality-gm1351472483-427218563?clarity=false\" target=\"_blank\" rel=\"noopener\">Image<\/a>\u00a0de <a href=\"https:\/\/www.istockphoto.com\/portfolio\/Warchi?mediatype=photography\" target=\"_blank\" rel=\"noopener\">Warchi<\/a> | <a href=\"https:\/\/www.istockphoto.com\/photo\/smart-warehouse-management-system-for-real-time-monitoring-products-storage-shipping-gm1478771993-506956421?clarity=false\" target=\"_blank\" rel=\"noopener\">Image<\/a>\u00a0de <a href=\"https:\/\/www.istockphoto.com\/portfolio\/coffeekai?mediatype=photography\" target=\"_blank\" rel=\"noopener\">coffeekai<\/a><\/p>\t\t\t\t\t\t\t\t<\/div>\n\t\t\t\t<\/div>\n\t\t\t\t<div class=\"elementor-element elementor-element-cdecbe7 elementor-widget elementor-widget-heading\" data-id=\"cdecbe7\" data-element_type=\"widget\" data-widget_type=\"heading.default\">\n\t\t\t\t<div class=\"elementor-widget-container\">\n\t\t\t\t\t<h4 class=\"elementor-heading-title elementor-size-default\">Transmission de donn\u00e9es par Internet<\/h4>\t\t\t\t<\/div>\n\t\t\t\t<\/div>\n\t\t\t\t<div class=\"elementor-element elementor-element-b9bb3ab elementor-widget elementor-widget-text-editor\" data-id=\"b9bb3ab\" data-element_type=\"widget\" data-widget_type=\"text-editor.default\">\n\t\t\t\t<div class=\"elementor-widget-container\">\n\t\t\t\t\t\t\t\t\t<p>Internet est un r\u00e9seau ouvert, accessible \u00e0 tous, et n&rsquo;est donc en principe pas consid\u00e9r\u00e9 comme un environnement s\u00fbr. Bien que les diff\u00e9rents paquets de donn\u00e9es soient en principe transmis sous forme crypt\u00e9e, cela ne vaut pas pour l&rsquo;exp\u00e9diteur et le destinataire. En outre, il est possible que des donn\u00e9es soient transf\u00e9r\u00e9es \u00e0 l&rsquo;\u00e9tranger et donc, le cas \u00e9ch\u00e9ant, dans un pays dont le niveau de protection des donn\u00e9es est inf\u00e9rieur \u00e0 celui de la Suisse, m\u00eame si l&rsquo;exp\u00e9diteur et le destinataire se trouvent sur le site Suisse. La soci\u00e9t\u00e9 exploitante d\u00e9cline toute responsabilit\u00e9 en ce qui concerne la s\u00e9curit\u00e9 des donn\u00e9es pendant leur transmission sur Internet.   <\/p>\t\t\t\t\t\t\t\t<\/div>\n\t\t\t\t<\/div>\n\t\t\t\t<div class=\"elementor-element elementor-element-c15807e elementor-widget elementor-widget-heading\" data-id=\"c15807e\" data-element_type=\"widget\" data-widget_type=\"heading.default\">\n\t\t\t\t<div class=\"elementor-widget-container\">\n\t\t\t\t\t<h4 class=\"elementor-heading-title elementor-size-default\">Prix et disponibilit\u00e9 des produits<\/h4>\t\t\t\t<\/div>\n\t\t\t\t<\/div>\n\t\t\t\t<div class=\"elementor-element elementor-element-8fc79bb elementor-widget elementor-widget-text-editor\" data-id=\"8fc79bb\" data-element_type=\"widget\" data-widget_type=\"text-editor.default\">\n\t\t\t\t<div class=\"elementor-widget-container\">\n\t\t\t\t\t\t\t\t\t<p>La soci\u00e9t\u00e9 exploitante s&rsquo;efforce de maintenir \u00e0 jour sur le portail les marquages des produits ainsi que les \u00e9ventuelles indications de prix, mais elle ne peut pas le garantir. Les modifications sont r\u00e9serv\u00e9es \u00e0 tout moment. Les \u00e9ventuelles indications de prix s&rsquo;entendent (sous r\u00e9serve d&rsquo;autres indications) hors TVA, en francs suisses (CHF).<\/p>\t\t\t\t\t\t\t\t<\/div>\n\t\t\t\t<\/div>\n\t\t\t\t<div class=\"elementor-element elementor-element-b337df8 elementor-widget elementor-widget-spacer\" data-id=\"b337df8\" data-element_type=\"widget\" data-widget_type=\"spacer.default\">\n\t\t\t\t<div class=\"elementor-widget-container\">\n\t\t\t\t\t\t\t<div class=\"elementor-spacer\">\n\t\t\t<div class=\"elementor-spacer-inner\"><\/div>\n\t\t<\/div>\n\t\t\t\t\t\t<\/div>\n\t\t\t\t<\/div>\n\t\t\t\t<div class=\"elementor-element elementor-element-497e02b elementor-widget elementor-widget-text-editor\" data-id=\"497e02b\" data-element_type=\"widget\" data-widget_type=\"text-editor.default\">\n\t\t\t\t<div class=\"elementor-widget-container\">\n\t\t\t\t\t\t\t\t\t<p>Derni\u00e8re mise \u00e0 jour : 14 novembre 2025<\/p>\t\t\t\t\t\t\t\t<\/div>\n\t\t\t\t<\/div>\n\t\t\t\t\t<\/div>\n\t\t<\/div>\n\t\t\t\t\t<\/div>\n\t\t<\/section>\n\t\t\t\t<\/div>\n\t\t","protected":false},"excerpt":{"rendered":"<p>Stiftung Wendepunkt Schl\u00fcsselring 105037 MuhenT\u00e9l. : 062 737 55 80info@wende.chCHE-106.834.317 TVA Champ d&rsquo;application Les pr\u00e9sentes dispositions s\u2019appliquent aux sites web officiels (portails) de la Fondation Wendepunkt. Ce portail a pour but de fournir des informations. La Fondation Wendepunkt peut faire appel \u00e0 des tiers pour l&rsquo;exploitation du portail. Ces informations et ces r\u00e8gles d&rsquo;utilisation se [&hellip;]<\/p>\n","protected":false},"author":1,"featured_media":0,"parent":0,"menu_order":0,"comment_status":"closed","ping_status":"closed","template":"","meta":{"site-sidebar-layout":"no-sidebar","site-content-layout":"page-builder","ast-site-content-layout":"full-width-container","site-content-style":"default","site-sidebar-style":"default","ast-global-header-display":"","ast-banner-title-visibility":"","ast-main-header-display":"","ast-hfb-above-header-display":"","ast-hfb-below-header-display":"","ast-hfb-mobile-header-display":"","site-post-title":"disabled","ast-breadcrumbs-content":"","ast-featured-img":"disabled","footer-sml-layout":"","ast-disable-related-posts":"","theme-transparent-header-meta":"","adv-header-id-meta":"","stick-header-meta":"","header-above-stick-meta":"","header-main-stick-meta":"","header-below-stick-meta":"","astra-migrate-meta-layouts":"default","ast-page-background-enabled":"default","ast-page-background-meta":{"desktop":{"background-color":"var(--ast-global-color-4)","background-image":"","background-repeat":"repeat","background-position":"center center","background-size":"auto","background-attachment":"scroll","background-type":"","background-media":"","overlay-type":"","overlay-color":"","overlay-opacity":"","overlay-gradient":""},"tablet":{"background-color":"","background-image":"","background-repeat":"repeat","background-position":"center center","background-size":"auto","background-attachment":"scroll","background-type":"","background-media":"","overlay-type":"","overlay-color":"","overlay-opacity":"","overlay-gradient":""},"mobile":{"background-color":"","background-image":"","background-repeat":"repeat","background-position":"center center","background-size":"auto","background-attachment":"scroll","background-type":"","background-media":"","overlay-type":"","overlay-color":"","overlay-opacity":"","overlay-gradient":""}},"ast-content-background-meta":{"desktop":{"background-color":"var(--ast-global-color-5)","background-image":"","background-repeat":"repeat","background-position":"center center","background-size":"auto","background-attachment":"scroll","background-type":"","background-media":"","overlay-type":"","overlay-color":"","overlay-opacity":"","overlay-gradient":""},"tablet":{"background-color":"var(--ast-global-color-5)","background-image":"","background-repeat":"repeat","background-position":"center center","background-size":"auto","background-attachment":"scroll","background-type":"","background-media":"","overlay-type":"","overlay-color":"","overlay-opacity":"","overlay-gradient":""},"mobile":{"background-color":"var(--ast-global-color-5)","background-image":"","background-repeat":"repeat","background-position":"center center","background-size":"auto","background-attachment":"scroll","background-type":"","background-media":"","overlay-type":"","overlay-color":"","overlay-opacity":"","overlay-gradient":""}},"footnotes":""},"class_list":["post-11021","page","type-page","status-publish","hentry"],"yoast_head":"<!-- This site is optimized with the Yoast SEO plugin v26.6 - https:\/\/yoast.com\/wordpress\/plugins\/seo\/ -->\n<title>Mentions l\u00e9gales - Tie Systeme<\/title>\n<meta name=\"robots\" content=\"index, follow, max-snippet:-1, max-image-preview:large, max-video-preview:-1\" \/>\n<link rel=\"canonical\" href=\"https:\/\/tie-systeme.ch\/impressum\/\" \/>\n<meta property=\"og:locale\" content=\"fr_FR\" \/>\n<meta property=\"og:type\" content=\"article\" \/>\n<meta property=\"og:title\" content=\"Mentions l\u00e9gales - Tie Systeme\" \/>\n<meta property=\"og:description\" content=\"Stiftung Wendepunkt Schl\u00fcsselring 105037 MuhenT\u00e9l. : 062 737 55 80info@wende.chCHE-106.834.317 TVA Champ d&rsquo;application Les pr\u00e9sentes dispositions s\u2019appliquent aux sites web officiels (portails) de la Fondation Wendepunkt. Ce portail a pour but de fournir des informations. La Fondation Wendepunkt peut faire appel \u00e0 des tiers pour l&rsquo;exploitation du portail. Ces informations et ces r\u00e8gles d&rsquo;utilisation se [&hellip;]\" \/>\n<meta property=\"og:url\" content=\"https:\/\/tie-systeme.ch\/impressum\/\" \/>\n<meta property=\"og:site_name\" content=\"Tie Systeme\" \/>\n<meta property=\"article:modified_time\" content=\"2025-11-14T14:51:00+00:00\" \/>\n<meta name=\"twitter:card\" content=\"summary_large_image\" \/>\n<meta name=\"twitter:label1\" content=\"Dur\u00e9e de lecture estim\u00e9e\" \/>\n\t<meta name=\"twitter:data1\" content=\"4 minutes\" \/>\n<script type=\"application\/ld+json\" class=\"yoast-schema-graph\">{\"@context\":\"https:\/\/schema.org\",\"@graph\":[{\"@type\":\"WebPage\",\"@id\":\"https:\/\/tie-systeme.ch\/impressum\/\",\"url\":\"https:\/\/tie-systeme.ch\/impressum\/\",\"name\":\"Mentions l\u00e9gales - Tie Systeme\",\"isPartOf\":{\"@id\":\"https:\/\/tie-systeme.ch\/#website\"},\"datePublished\":\"2024-07-24T15:01:16+00:00\",\"dateModified\":\"2025-11-14T14:51:00+00:00\",\"breadcrumb\":{\"@id\":\"https:\/\/tie-systeme.ch\/impressum\/#breadcrumb\"},\"inLanguage\":\"fr-FR\",\"potentialAction\":[{\"@type\":\"ReadAction\",\"target\":[\"https:\/\/tie-systeme.ch\/impressum\/\"]}]},{\"@type\":\"BreadcrumbList\",\"@id\":\"https:\/\/tie-systeme.ch\/impressum\/#breadcrumb\",\"itemListElement\":[{\"@type\":\"ListItem\",\"position\":1,\"name\":\"Home\",\"item\":\"https:\/\/tie-systeme.ch\/\"},{\"@type\":\"ListItem\",\"position\":2,\"name\":\"Mentions l\u00e9gales\"}]},{\"@type\":\"WebSite\",\"@id\":\"https:\/\/tie-systeme.ch\/#website\",\"url\":\"https:\/\/tie-systeme.ch\/\",\"name\":\"Tie Systeme\",\"description\":\"Thermodynamisch Isolierte Elektrosysteme\",\"publisher\":{\"@id\":\"https:\/\/tie-systeme.ch\/#organization\"},\"potentialAction\":[{\"@type\":\"SearchAction\",\"target\":{\"@type\":\"EntryPoint\",\"urlTemplate\":\"https:\/\/tie-systeme.ch\/?s={search_term_string}\"},\"query-input\":{\"@type\":\"PropertyValueSpecification\",\"valueRequired\":true,\"valueName\":\"search_term_string\"}}],\"inLanguage\":\"fr-FR\"},{\"@type\":\"Organization\",\"@id\":\"https:\/\/tie-systeme.ch\/#organization\",\"name\":\"Tie Systeme\",\"url\":\"https:\/\/tie-systeme.ch\/\",\"logo\":{\"@type\":\"ImageObject\",\"inLanguage\":\"fr-FR\",\"@id\":\"https:\/\/tie-systeme.ch\/#\/schema\/logo\/image\/\",\"url\":\"https:\/\/tie-systeme.ch\/wp-content\/uploads\/2024\/07\/Logo-mit-Untertitel-1.png\",\"contentUrl\":\"https:\/\/tie-systeme.ch\/wp-content\/uploads\/2024\/07\/Logo-mit-Untertitel-1.png\",\"width\":400,\"height\":100,\"caption\":\"Tie Systeme\"},\"image\":{\"@id\":\"https:\/\/tie-systeme.ch\/#\/schema\/logo\/image\/\"}}]}<\/script>\n<!-- \/ Yoast SEO plugin. -->","yoast_head_json":{"title":"Mentions l\u00e9gales - Tie Systeme","robots":{"index":"index","follow":"follow","max-snippet":"max-snippet:-1","max-image-preview":"max-image-preview:large","max-video-preview":"max-video-preview:-1"},"canonical":"https:\/\/tie-systeme.ch\/impressum\/","og_locale":"fr_FR","og_type":"article","og_title":"Mentions l\u00e9gales - Tie Systeme","og_description":"Stiftung Wendepunkt Schl\u00fcsselring 105037 MuhenT\u00e9l. : 062 737 55 80info@wende.chCHE-106.834.317 TVA Champ d&rsquo;application Les pr\u00e9sentes dispositions s\u2019appliquent aux sites web officiels (portails) de la Fondation Wendepunkt. Ce portail a pour but de fournir des informations. La Fondation Wendepunkt peut faire appel \u00e0 des tiers pour l&rsquo;exploitation du portail. Ces informations et ces r\u00e8gles d&rsquo;utilisation se [&hellip;]","og_url":"https:\/\/tie-systeme.ch\/impressum\/","og_site_name":"Tie Systeme","article_modified_time":"2025-11-14T14:51:00+00:00","twitter_card":"summary_large_image","twitter_misc":{"Dur\u00e9e de lecture estim\u00e9e":"4 minutes"},"schema":{"@context":"https:\/\/schema.org","@graph":[{"@type":"WebPage","@id":"https:\/\/tie-systeme.ch\/impressum\/","url":"https:\/\/tie-systeme.ch\/impressum\/","name":"Mentions l\u00e9gales - Tie Systeme","isPartOf":{"@id":"https:\/\/tie-systeme.ch\/#website"},"datePublished":"2024-07-24T15:01:16+00:00","dateModified":"2025-11-14T14:51:00+00:00","breadcrumb":{"@id":"https:\/\/tie-systeme.ch\/impressum\/#breadcrumb"},"inLanguage":"fr-FR","potentialAction":[{"@type":"ReadAction","target":["https:\/\/tie-systeme.ch\/impressum\/"]}]},{"@type":"BreadcrumbList","@id":"https:\/\/tie-systeme.ch\/impressum\/#breadcrumb","itemListElement":[{"@type":"ListItem","position":1,"name":"Home","item":"https:\/\/tie-systeme.ch\/"},{"@type":"ListItem","position":2,"name":"Mentions l\u00e9gales"}]},{"@type":"WebSite","@id":"https:\/\/tie-systeme.ch\/#website","url":"https:\/\/tie-systeme.ch\/","name":"Tie Systeme","description":"Thermodynamisch Isolierte Elektrosysteme","publisher":{"@id":"https:\/\/tie-systeme.ch\/#organization"},"potentialAction":[{"@type":"SearchAction","target":{"@type":"EntryPoint","urlTemplate":"https:\/\/tie-systeme.ch\/?s={search_term_string}"},"query-input":{"@type":"PropertyValueSpecification","valueRequired":true,"valueName":"search_term_string"}}],"inLanguage":"fr-FR"},{"@type":"Organization","@id":"https:\/\/tie-systeme.ch\/#organization","name":"Tie Systeme","url":"https:\/\/tie-systeme.ch\/","logo":{"@type":"ImageObject","inLanguage":"fr-FR","@id":"https:\/\/tie-systeme.ch\/#\/schema\/logo\/image\/","url":"https:\/\/tie-systeme.ch\/wp-content\/uploads\/2024\/07\/Logo-mit-Untertitel-1.png","contentUrl":"https:\/\/tie-systeme.ch\/wp-content\/uploads\/2024\/07\/Logo-mit-Untertitel-1.png","width":400,"height":100,"caption":"Tie Systeme"},"image":{"@id":"https:\/\/tie-systeme.ch\/#\/schema\/logo\/image\/"}}]}},"_links":{"self":[{"href":"https:\/\/tie-systeme.ch\/fr\/wp-json\/wp\/v2\/pages\/11021","targetHints":{"allow":["GET"]}}],"collection":[{"href":"https:\/\/tie-systeme.ch\/fr\/wp-json\/wp\/v2\/pages"}],"about":[{"href":"https:\/\/tie-systeme.ch\/fr\/wp-json\/wp\/v2\/types\/page"}],"author":[{"embeddable":true,"href":"https:\/\/tie-systeme.ch\/fr\/wp-json\/wp\/v2\/users\/1"}],"replies":[{"embeddable":true,"href":"https:\/\/tie-systeme.ch\/fr\/wp-json\/wp\/v2\/comments?post=11021"}],"version-history":[{"count":15,"href":"https:\/\/tie-systeme.ch\/fr\/wp-json\/wp\/v2\/pages\/11021\/revisions"}],"predecessor-version":[{"id":11480,"href":"https:\/\/tie-systeme.ch\/fr\/wp-json\/wp\/v2\/pages\/11021\/revisions\/11480"}],"wp:attachment":[{"href":"https:\/\/tie-systeme.ch\/fr\/wp-json\/wp\/v2\/media?parent=11021"}],"curies":[{"name":"wp","href":"https:\/\/api.w.org\/{rel}","templated":true}]}}